{"id":715,"date":"2023-04-22T18:12:12","date_gmt":"2023-04-22T16:12:12","guid":{"rendered":"https:\/\/pijones.ch\/preguntas-frecuentes\/"},"modified":"2023-07-04T10:45:27","modified_gmt":"2023-07-04T08:45:27","slug":"preguntas-frecuentes","status":"publish","type":"page","link":"https:\/\/pijones.ch\/es\/preguntas-frecuentes\/","title":{"rendered":"PREGUNTAS FRECUENTES"},"content":{"rendered":"\n<div class=\"inherit-container-width wp-block-group alignfull title has-ast-global-color-1-background-color has-background is-layout-constrained wp-container-core-group-is-layout-29c79c94 wp-block-group-is-layout-constrained\">\n<figure class=\"wp-block-image size-full title\"><img loading=\"lazy\" decoding=\"async\" width=\"2522\" height=\"1212\" src=\"https:\/\/pijones.ch\/site\/wp-content\/uploads\/2023\/04\/titre-faq.png\" alt=\"\" class=\"wp-image-248\" srcset=\"https:\/\/pijones.ch\/site\/wp-content\/uploads\/2023\/04\/titre-faq.png 2522w, https:\/\/pijones.ch\/site\/wp-content\/uploads\/2023\/04\/titre-faq-300x144.png 300w, https:\/\/pijones.ch\/site\/wp-content\/uploads\/2023\/04\/titre-faq-1024x492.png 1024w, https:\/\/pijones.ch\/site\/wp-content\/uploads\/2023\/04\/titre-faq-768x369.png 768w, https:\/\/pijones.ch\/site\/wp-content\/uploads\/2023\/04\/titre-faq-1536x738.png 1536w, https:\/\/pijones.ch\/site\/wp-content\/uploads\/2023\/04\/titre-faq-2048x984.png 2048w\" sizes=\"auto, (max-width: 2522px) 100vw, 2522px\" \/><\/figure>\n<\/div>\n\n<div class=\"inherit-container-width wp-block-group alignfull has-ast-global-color-5-color has-ast-global-color-8-background-color has-text-color has-background is-layout-constrained wp-block-group-is-layout-constrained\">\n<div class=\"wp-block-esab-accordion accordion-692a4ad4\" data-mode=\"global\"><div class=\"esab__container\" style=\"row-gap:0px;margin:0px 0px 0px 0px\">\n<div class=\"wp-block-esab-accordion-child\" style=\"border:0px solid var(--ast-global-color-0)\"><div class=\"esab__head\" style=\"padding:30px 0px 30px 0px;background-color:var(--ast-global-color-8)\" role=\"button\" aria-expanded=\"false\"><div class=\"esab__heading_txt\"><h3 class=\"esab__heading_tag\" style=\"color:var(--ast-global-color-0)\">Qu&#8217;est-ce qu&#8217;on peut vous offrir?<\/h3><\/div><div class=\"esab__icon\"><div class=\"esab__collapse\"><svg version=\"1.1\" id=\"Layer_1\" x=\"0px\" y=\"0px\" viewBox=\"0 0 512 512\"><path d=\"M505.752,123.582c-8.331-8.331-21.839-8.331-30.17,0L256,343.163L36.418,123.582c-8.331-8.331-21.839-8.331-30.17,0\r s-8.331,21.839,0,30.17l234.667,234.667c8.331,8.331,21.839,8.331,30.17,0l234.667-234.667\r C514.083,145.42,514.083,131.913,505.752,123.582z\"><\/path><\/svg><\/div><div class=\"esab__expand\"><svg version=\"1.1\" id=\"Capa_1\" x=\"0px\" y=\"0px\" viewBox=\"0 0 47.255 47.255\"><path d=\"M46.255,35.941c-0.256,0-0.512-0.098-0.707-0.293l-21.921-21.92l-21.92,21.92c-0.391,0.391-1.023,0.391-1.414,0\r c-0.391-0.391-0.391-1.023,0-1.414L22.92,11.607c0.391-0.391,1.023-0.391,1.414,0l22.627,22.627c0.391,0.391,0.391,1.023,0,1.414\r C46.767,35.844,46.511,35.941,46.255,35.941z\"><\/path><\/svg><\/div><\/div><\/div><div class=\"esab__body\" style=\"border-top:1px solid var(--ast-global-color-0);padding:10px 0px 10px 0px;background-color:transparent\">\n<p>Por suerte, \u00a1ya tenemos todo lo que necesitamos! Nuestro mejor regalo es que vengan a compartir este hermoso d\u00eda con nosotros. Pero si lo desean, pueden contribuir a nuestros futuros proyectos.<\/p>\n\n\n\n<h4 class=\"wp-block-heading has-ast-global-color-0-color has-text-color\">Datos bancarios<\/h4>\n\n\n\n<p>JONES NICOLAS<br\/>AVENUE DAVEL 3<br\/>1004 LAUSANA<br\/>IBAN: CH6800767000Z54825489<br\/>BIC\/SWIFT: BCVLCH2LXXX<br\/>Banco: Banque Cantonale Vaudoise<\/p>\n<\/div><\/div>\n\n\n\n<div class=\"wp-block-esab-accordion-child\" style=\"border:0px solid var(--ast-global-color-0)\"><div class=\"esab__head\" style=\"padding:30px 0px 30px 0px;background-color:var(--ast-global-color-8)\" role=\"button\" aria-expanded=\"false\"><div class=\"esab__heading_txt\"><h3 class=\"esab__heading_tag\" style=\"color:var(--ast-global-color-0)\"><strong>Est-ce qu\u2019il y a un dress code ?<\/strong><\/h3><\/div><div class=\"esab__icon\"><div class=\"esab__collapse\"><svg version=\"1.1\" id=\"Layer_1\" x=\"0px\" y=\"0px\" viewBox=\"0 0 512 512\"><path d=\"M505.752,123.582c-8.331-8.331-21.839-8.331-30.17,0L256,343.163L36.418,123.582c-8.331-8.331-21.839-8.331-30.17,0\r s-8.331,21.839,0,30.17l234.667,234.667c8.331,8.331,21.839,8.331,30.17,0l234.667-234.667\r C514.083,145.42,514.083,131.913,505.752,123.582z\"><\/path><\/svg><\/div><div class=\"esab__expand\"><svg version=\"1.1\" id=\"Capa_1\" x=\"0px\" y=\"0px\" viewBox=\"0 0 47.255 47.255\"><path d=\"M46.255,35.941c-0.256,0-0.512-0.098-0.707-0.293l-21.921-21.92l-21.92,21.92c-0.391,0.391-1.023,0.391-1.414,0\r c-0.391-0.391-0.391-1.023,0-1.414L22.92,11.607c0.391-0.391,1.023-0.391,1.414,0l22.627,22.627c0.391,0.391,0.391,1.023,0,1.414\r C46.767,35.844,46.511,35.941,46.255,35.941z\"><\/path><\/svg><\/div><\/div><\/div><div class=\"esab__body\" style=\"border-top:1px solid var(--ast-global-color-0);padding:10px 0px 10px 0px;background-color:transparent\">\n<p>Elegante o relajad, te queremos tal y como eres. Elegante o relajado, te queremos tal y como eres. Para tu informaci\u00f3n, la fiesta se desarrollar\u00e1 principalmente al aire libre, en el patio de una finca. El suelo no es especialmente adecuado para tacones altos. Por lo dem\u00e1s, si\u00e9ntete libre de ponerte guapo o guaoa seg\u00fan tus propios criterios. Nostrotro estaremos vestidos en el estilo bohemio chic y en blanco, por supuesto.<\/p>\n<\/div><\/div>\n\n\n\n<div class=\"wp-block-esab-accordion-child\" style=\"border:0px solid var(--ast-global-color-0)\"><div class=\"esab__head\" style=\"padding:30px 0px 30px 0px;background-color:var(--ast-global-color-8)\" role=\"button\" aria-expanded=\"false\"><div class=\"esab__heading_txt\"><h3 class=\"esab__heading_tag\" style=\"color:var(--ast-global-color-0)\"><strong>Je souhaite faire un discours ou une surprise pour les mari\u00e9s, \u00e0 qui m\u2019adresser ?<\/strong><\/h3><\/div><div class=\"esab__icon\"><div class=\"esab__collapse\"><svg version=\"1.1\" id=\"Layer_1\" x=\"0px\" y=\"0px\" viewBox=\"0 0 512 512\"><path d=\"M505.752,123.582c-8.331-8.331-21.839-8.331-30.17,0L256,343.163L36.418,123.582c-8.331-8.331-21.839-8.331-30.17,0\r s-8.331,21.839,0,30.17l234.667,234.667c8.331,8.331,21.839,8.331,30.17,0l234.667-234.667\r C514.083,145.42,514.083,131.913,505.752,123.582z\"><\/path><\/svg><\/div><div class=\"esab__expand\"><svg version=\"1.1\" id=\"Capa_1\" x=\"0px\" y=\"0px\" viewBox=\"0 0 47.255 47.255\"><path d=\"M46.255,35.941c-0.256,0-0.512-0.098-0.707-0.293l-21.921-21.92l-21.92,21.92c-0.391,0.391-1.023,0.391-1.414,0\r c-0.391-0.391-0.391-1.023,0-1.414L22.92,11.607c0.391-0.391,1.023-0.391,1.414,0l22.627,22.627c0.391,0.391,0.391,1.023,0,1.414\r C46.767,35.844,46.511,35.941,46.255,35.941z\"><\/path><\/svg><\/div><\/div><\/div><div class=\"esab__body\" style=\"border-top:1px solid var(--ast-global-color-0);padding:10px 0px 10px 0px;background-color:transparent\">\n<p>No hay problema. Nuestra coorganizadora <strong>Antara Cortez<\/strong> estar\u00e1 encantada de ayudarle. Puedes ponerte en contacto con ella por correo electr\u00f3nico en <a href=\"mailto:quilla.emotion@gmail.com\">quilla.emotion@gmail.com.<\/a><\/p>\n<\/div><\/div>\n\n\n\n<div class=\"wp-block-esab-accordion-child\" style=\"border:0px solid var(--ast-global-color-0)\"><div class=\"esab__head\" style=\"padding:30px 0px 30px 0px;background-color:var(--ast-global-color-8)\" role=\"button\" aria-expanded=\"false\"><div class=\"esab__heading_txt\"><h3 class=\"esab__heading_tag\" style=\"color:var(--ast-global-color-0)\"><strong>Comment se d\u00e9rouleront les festivit\u00e9s ?<\/strong><\/h3><\/div><div class=\"esab__icon\"><div class=\"esab__collapse\"><svg version=\"1.1\" id=\"Layer_1\" x=\"0px\" y=\"0px\" viewBox=\"0 0 512 512\"><path d=\"M505.752,123.582c-8.331-8.331-21.839-8.331-30.17,0L256,343.163L36.418,123.582c-8.331-8.331-21.839-8.331-30.17,0\r s-8.331,21.839,0,30.17l234.667,234.667c8.331,8.331,21.839,8.331,30.17,0l234.667-234.667\r C514.083,145.42,514.083,131.913,505.752,123.582z\"><\/path><\/svg><\/div><div class=\"esab__expand\"><svg version=\"1.1\" id=\"Capa_1\" x=\"0px\" y=\"0px\" viewBox=\"0 0 47.255 47.255\"><path d=\"M46.255,35.941c-0.256,0-0.512-0.098-0.707-0.293l-21.921-21.92l-21.92,21.92c-0.391,0.391-1.023,0.391-1.414,0\r c-0.391-0.391-0.391-1.023,0-1.414L22.92,11.607c0.391-0.391,1.023-0.391,1.414,0l22.627,22.627c0.391,0.391,0.391,1.023,0,1.414\r C46.767,35.844,46.511,35.941,46.255,35.941z\"><\/path><\/svg><\/div><\/div><\/div><div class=\"esab__body\" style=\"border-top:1px solid var(--ast-global-color-0);padding:10px 0px 10px 0px;background-color:transparent\">\n<p>El Pijones Fest abrir\u00e1 a las 15.00 horas y cerrar\u00e1 a las 3.00 horas. Por la tarde se celebrar\u00e1 una ceremonia laica seguida de un aperitivo y una comida de convivencia. Despu\u00e9s, todo el mundo es libre de quedarse y festejar hasta la hora de cierre. El programa de la jornada figura en la p\u00e1gina <a rel=\"noreferrer noopener\" href=\"https:\/\/pijones.ch\/es\/programa\/\" target=\"_blank\">del Programa<\/a>.  <\/p>\n<\/div><\/div>\n\n\n\n<div class=\"wp-block-esab-accordion-child\" style=\"border:0px solid var(--ast-global-color-0)\"><div class=\"esab__head\" style=\"padding:30px 0px 30px 0px;background-color:var(--ast-global-color-8)\" role=\"button\" aria-expanded=\"false\"><div class=\"esab__heading_txt\"><h3 class=\"esab__heading_tag\" style=\"color:var(--ast-global-color-0)\"><strong>Est-ce que je peux arriver plus tard ?<\/strong><\/h3><\/div><div class=\"esab__icon\"><div class=\"esab__collapse\"><svg version=\"1.1\" id=\"Layer_1\" x=\"0px\" y=\"0px\" viewBox=\"0 0 512 512\"><path d=\"M505.752,123.582c-8.331-8.331-21.839-8.331-30.17,0L256,343.163L36.418,123.582c-8.331-8.331-21.839-8.331-30.17,0\r s-8.331,21.839,0,30.17l234.667,234.667c8.331,8.331,21.839,8.331,30.17,0l234.667-234.667\r C514.083,145.42,514.083,131.913,505.752,123.582z\"><\/path><\/svg><\/div><div class=\"esab__expand\"><svg version=\"1.1\" id=\"Capa_1\" x=\"0px\" y=\"0px\" viewBox=\"0 0 47.255 47.255\"><path d=\"M46.255,35.941c-0.256,0-0.512-0.098-0.707-0.293l-21.921-21.92l-21.92,21.92c-0.391,0.391-1.023,0.391-1.414,0\r c-0.391-0.391-0.391-1.023,0-1.414L22.92,11.607c0.391-0.391,1.023-0.391,1.414,0l22.627,22.627c0.391,0.391,0.391,1.023,0,1.414\r C46.767,35.844,46.511,35.941,46.255,35.941z\"><\/path><\/svg><\/div><\/div><\/div><div class=\"esab__body\" style=\"border-top:1px solid var(--ast-global-color-0);padding:10px 0px 10px 0px;background-color:transparent\">\n<p>\u00a1S\u00ed! Pero ten en cuenta que a las 16.30 se celebrar\u00e1 una ceremonia laica. El programa completo de festejos se anunciar\u00e1 pr\u00f3ximamente.<\/p>\n<\/div><\/div>\n\n\n\n<div class=\"wp-block-esab-accordion-child\" style=\"border:0px solid var(--ast-global-color-0)\"><div class=\"esab__head\" style=\"padding:30px 0px 30px 0px;background-color:var(--ast-global-color-8)\" role=\"button\" aria-expanded=\"false\"><div class=\"esab__heading_txt\"><h3 class=\"esab__heading_tag\" style=\"color:var(--ast-global-color-0)\"><strong>Comment y aller et revenir en transports publics ?<\/strong><\/h3><\/div><div class=\"esab__icon\"><div class=\"esab__collapse\"><svg version=\"1.1\" id=\"Layer_1\" x=\"0px\" y=\"0px\" viewBox=\"0 0 512 512\"><path d=\"M505.752,123.582c-8.331-8.331-21.839-8.331-30.17,0L256,343.163L36.418,123.582c-8.331-8.331-21.839-8.331-30.17,0\r s-8.331,21.839,0,30.17l234.667,234.667c8.331,8.331,21.839,8.331,30.17,0l234.667-234.667\r C514.083,145.42,514.083,131.913,505.752,123.582z\"><\/path><\/svg><\/div><div class=\"esab__expand\"><svg version=\"1.1\" id=\"Capa_1\" x=\"0px\" y=\"0px\" viewBox=\"0 0 47.255 47.255\"><path d=\"M46.255,35.941c-0.256,0-0.512-0.098-0.707-0.293l-21.921-21.92l-21.92,21.92c-0.391,0.391-1.023,0.391-1.414,0\r c-0.391-0.391-0.391-1.023,0-1.414L22.92,11.607c0.391-0.391,1.023-0.391,1.414,0l22.627,22.627c0.391,0.391,0.391,1.023,0,1.414\r C46.767,35.844,46.511,35.941,46.255,35.941z\"><\/path><\/svg><\/div><\/div><\/div><div class=\"esab__body\" style=\"border-top:1px solid var(--ast-global-color-0);padding:10px 0px 10px 0px;background-color:transparent\">\n<p>Las opciones de transporte se detallan en la p\u00e1gina de <a href=\"https:\/\/pijones.ch\/es\/informacion-practica\/\" target=\"_blank\" rel=\"noreferrer noopener\">Informaci\u00f3n pr\u00e1ctica<\/a>.<\/p>\n<\/div><\/div>\n\n\n\n<div class=\"wp-block-esab-accordion-child\" style=\"border:0px solid var(--ast-global-color-0)\"><div class=\"esab__head\" style=\"padding:30px 0px 30px 0px;background-color:var(--ast-global-color-8)\" role=\"button\" aria-expanded=\"false\"><div class=\"esab__heading_txt\"><h3 class=\"esab__heading_tag\" style=\"color:var(--ast-global-color-0)\"><strong>Est-ce qu\u2019il y aura un\u00b7e baby sitter pour garder les enfants?<\/strong><\/h3><\/div><div class=\"esab__icon\"><div class=\"esab__collapse\"><svg version=\"1.1\" id=\"Layer_1\" x=\"0px\" y=\"0px\" viewBox=\"0 0 512 512\"><path d=\"M505.752,123.582c-8.331-8.331-21.839-8.331-30.17,0L256,343.163L36.418,123.582c-8.331-8.331-21.839-8.331-30.17,0\r s-8.331,21.839,0,30.17l234.667,234.667c8.331,8.331,21.839,8.331,30.17,0l234.667-234.667\r C514.083,145.42,514.083,131.913,505.752,123.582z\"><\/path><\/svg><\/div><div class=\"esab__expand\"><svg version=\"1.1\" id=\"Capa_1\" x=\"0px\" y=\"0px\" viewBox=\"0 0 47.255 47.255\"><path d=\"M46.255,35.941c-0.256,0-0.512-0.098-0.707-0.293l-21.921-21.92l-21.92,21.92c-0.391,0.391-1.023,0.391-1.414,0\r c-0.391-0.391-0.391-1.023,0-1.414L22.92,11.607c0.391-0.391,1.023-0.391,1.414,0l22.627,22.627c0.391,0.391,0.391,1.023,0,1.414\r C46.767,35.844,46.511,35.941,46.255,35.941z\"><\/path><\/svg><\/div><\/div><\/div><div class=\"esab__body\" style=\"border-top:1px solid var(--ast-global-color-0);padding:10px 0px 10px 0px;background-color:transparent\">\n<p>Por supuesto, todos los ni\u00f1os, grandes y peque\u00f1os, son bienvenidos. Sin embargo, no disponemos de ni\u00f1era ni de ninguna infraestructura especial. <\/p>\n<\/div><\/div>\n\n\n\n<div class=\"wp-block-esab-accordion-child\" style=\"border:0px solid var(--ast-global-color-0)\"><div class=\"esab__head\" style=\"padding:30px 0px 30px 0px;background-color:var(--ast-global-color-8)\" role=\"button\" aria-expanded=\"false\"><div class=\"esab__heading_txt\"><h3 class=\"esab__heading_tag\" style=\"color:var(--ast-global-color-0)\"><strong>J\u2019ai un r\u00e9gime alimentaire particulier, quel est le menu ?<\/strong><\/h3><\/div><div class=\"esab__icon\"><div class=\"esab__collapse\"><svg version=\"1.1\" id=\"Layer_1\" x=\"0px\" y=\"0px\" viewBox=\"0 0 512 512\"><path d=\"M505.752,123.582c-8.331-8.331-21.839-8.331-30.17,0L256,343.163L36.418,123.582c-8.331-8.331-21.839-8.331-30.17,0\r s-8.331,21.839,0,30.17l234.667,234.667c8.331,8.331,21.839,8.331,30.17,0l234.667-234.667\r C514.083,145.42,514.083,131.913,505.752,123.582z\"><\/path><\/svg><\/div><div class=\"esab__expand\"><svg version=\"1.1\" id=\"Capa_1\" x=\"0px\" y=\"0px\" viewBox=\"0 0 47.255 47.255\"><path d=\"M46.255,35.941c-0.256,0-0.512-0.098-0.707-0.293l-21.921-21.92l-21.92,21.92c-0.391,0.391-1.023,0.391-1.414,0\r c-0.391-0.391-0.391-1.023,0-1.414L22.92,11.607c0.391-0.391,1.023-0.391,1.414,0l22.627,22.627c0.391,0.391,0.391,1.023,0,1.414\r C46.767,35.844,46.511,35.941,46.255,35.941z\"><\/path><\/svg><\/div><\/div><\/div><div class=\"esab__body\" style=\"border-top:1px solid var(--ast-global-color-0);padding:10px 0px 10px 0px;background-color:transparent\">\n<p>No te preocupes, hemos tenido en cuenta todas las preferencias y restricciones anunciadas. Pero puedes ponerte en contacto con nosotros si lo deseas o escribirnos a hola@pijones.ch.<\/p>\n<\/div><\/div>\n\n\n\n<div class=\"wp-block-esab-accordion-child\" style=\"border:0px solid var(--ast-global-color-0)\"><div class=\"esab__head\" style=\"padding:30px 0px 30px 0px;background-color:var(--ast-global-color-8)\" role=\"button\" aria-expanded=\"false\"><div class=\"esab__heading_txt\"><h3 class=\"esab__heading_tag\" style=\"color:var(--ast-global-color-0)\"><strong>Que se passe-t-il en cas de pluie?<\/strong><\/h3><\/div><div class=\"esab__icon\"><div class=\"esab__collapse\"><svg version=\"1.1\" id=\"Layer_1\" x=\"0px\" y=\"0px\" viewBox=\"0 0 512 512\"><path d=\"M505.752,123.582c-8.331-8.331-21.839-8.331-30.17,0L256,343.163L36.418,123.582c-8.331-8.331-21.839-8.331-30.17,0\r s-8.331,21.839,0,30.17l234.667,234.667c8.331,8.331,21.839,8.331,30.17,0l234.667-234.667\r C514.083,145.42,514.083,131.913,505.752,123.582z\"><\/path><\/svg><\/div><div class=\"esab__expand\"><svg version=\"1.1\" id=\"Capa_1\" x=\"0px\" y=\"0px\" viewBox=\"0 0 47.255 47.255\"><path d=\"M46.255,35.941c-0.256,0-0.512-0.098-0.707-0.293l-21.921-21.92l-21.92,21.92c-0.391,0.391-1.023,0.391-1.414,0\r c-0.391-0.391-0.391-1.023,0-1.414L22.92,11.607c0.391-0.391,1.023-0.391,1.414,0l22.627,22.627c0.391,0.391,0.391,1.023,0,1.414\r C46.767,35.844,46.511,35.941,46.255,35.941z\"><\/path><\/svg><\/div><\/div><\/div><div class=\"esab__body\" style=\"border-top:1px solid var(--ast-global-color-0);padding:10px 0px 10px 0px;background-color:transparent\">\n<p>Est\u00e1 previsto que los festejos se celebren principalmente al aire libre, pero, por supuesto, existe un plan B en caso de mal tiempo. En todos los casos, la comida se celebrar\u00e1 en el interior. <\/p>\n<\/div><\/div>\n\n\n\n<div class=\"wp-block-esab-accordion-child\" style=\"border:0px solid var(--ast-global-color-0)\"><div class=\"esab__head\" style=\"padding:30px 0px 30px 0px;background-color:var(--ast-global-color-8)\" role=\"button\" aria-expanded=\"false\"><div class=\"esab__heading_txt\"><h3 class=\"esab__heading_tag\" style=\"color:var(--ast-global-color-0)\"><strong>J&#8217;ai une question qui se ne trouve pas dans les FAQ.<\/strong><\/h3><\/div><div class=\"esab__icon\"><div class=\"esab__collapse\"><svg version=\"1.1\" id=\"Layer_1\" x=\"0px\" y=\"0px\" viewBox=\"0 0 512 512\"><path d=\"M505.752,123.582c-8.331-8.331-21.839-8.331-30.17,0L256,343.163L36.418,123.582c-8.331-8.331-21.839-8.331-30.17,0\r s-8.331,21.839,0,30.17l234.667,234.667c8.331,8.331,21.839,8.331,30.17,0l234.667-234.667\r C514.083,145.42,514.083,131.913,505.752,123.582z\"><\/path><\/svg><\/div><div class=\"esab__expand\"><svg version=\"1.1\" id=\"Capa_1\" x=\"0px\" y=\"0px\" viewBox=\"0 0 47.255 47.255\"><path d=\"M46.255,35.941c-0.256,0-0.512-0.098-0.707-0.293l-21.921-21.92l-21.92,21.92c-0.391,0.391-1.023,0.391-1.414,0\r c-0.391-0.391-0.391-1.023,0-1.414L22.92,11.607c0.391-0.391,1.023-0.391,1.414,0l22.627,22.627c0.391,0.391,0.391,1.023,0,1.414\r C46.767,35.844,46.511,35.941,46.255,35.941z\"><\/path><\/svg><\/div><\/div><\/div><div class=\"esab__body\" style=\"border-top:1px solid var(--ast-global-color-0);padding:10px 0px 10px 0px;background-color:transparent\">\n<p class=\"has-text-align-left\">No dudes en llamarnos o escribirnos a <a href=\"mailto:hola@pijones.ch\">hola@pijones.ch.<\/a> <\/p>\n<\/div><\/div>\n<\/div><\/div>\n<\/div>\n\n<div class=\"inherit-container-width wp-block-group alignfull has-ast-global-color-8-background-color has-background is-layout-constrained wp-block-group-is-layout-constrained\">\n<div class=\"wp-block-columns is-layout-flex wp-container-core-columns-is-layout-28f84493 wp-block-columns-is-layout-flex\">\n<div class=\"wp-block-column is-vertically-aligned-top colorcol has-ast-global-color-3-background-color has-text-color has-background has-link-color wp-elements-fa83d89f8a8d69852aaf2953011f8019 is-layout-flow wp-block-column-is-layout-flow\" style=\"color:#000000;padding-top:2em;padding-right:2em;padding-bottom:2em;padding-left:2em\">\n<figure class=\"wp-block-image size-full is-resized\"><img loading=\"lazy\" decoding=\"async\" src=\"https:\/\/pijones.ch\/site\/wp-content\/uploads\/2023\/04\/shape-1-mini.png\" alt=\"\" class=\"wp-image-100\" width=\"112\" height=\"144\"\/><\/figure>\n\n\n\n<h2 class=\"wp-block-heading\" id=\"single\" style=\"font-size:40px\"><strong><strong>Descubra el programa<\/strong><\/strong><\/h2>\n\n\n\n<p class=\"has-normal-font-size\" style=\"line-height:1.5\">Todo sobre la Fiesta de los Pijones.<\/p>\n\n\n\n<div class=\"wp-block-buttons alignfull is-horizontal is-content-justification-left is-layout-flex wp-container-core-buttons-is-layout-20be11b6 wp-block-buttons-is-layout-flex\">\n<div class=\"wp-block-button is-style-fill\"><a class=\"wp-block-button__link has-ast-global-color-0-color has-ast-global-color-8-background-color has-text-color has-background has-text-align-center wp-element-button\" href=\"https:\/\/pijones.ch\/es\/programa\/\">Programa<\/a><\/div>\n<\/div>\n<\/div>\n\n\n\n<div class=\"wp-block-column is-vertically-aligned-top colorcol has-ast-global-color-4-background-color has-text-color has-background has-link-color wp-elements-714c09772b08479c4e705bf572a3e26f is-layout-flow wp-block-column-is-layout-flow\" style=\"color:#000000;padding-top:2em;padding-right:2em;padding-bottom:2em;padding-left:2em\">\n<figure class=\"wp-block-image size-full is-resized\"><img loading=\"lazy\" decoding=\"async\" src=\"https:\/\/pijones.ch\/site\/wp-content\/uploads\/2023\/04\/shape-3-mini.png\" alt=\"\" class=\"wp-image-108\" width=\"123\" height=\"128\"\/><\/figure>\n\n\n\n<h2 class=\"wp-block-heading\" id=\"comment\" style=\"font-size:40px\"><strong>\u00bfTiene alguna pregunta?<\/strong><\/h2>\n\n\n\n<p class=\"has-normal-font-size\">Consulte nuestras preguntas frecuentes.<\/p>\n\n\n\n<div class=\"wp-block-buttons alignfull is-horizontal is-content-justification-left is-layout-flex wp-container-core-buttons-is-layout-20be11b6 wp-block-buttons-is-layout-flex\">\n<div class=\"wp-block-button\"><a class=\"wp-block-button__link has-ast-global-color-0-color has-ast-global-color-8-background-color has-text-color has-background wp-element-button\" href=\"https:\/\/pijones.ch\/es\/preguntas-frecuentes\/\">FAQ<\/a><\/div>\n<\/div>\n<\/div>\n<\/div>\n<\/div>\n","protected":false},"excerpt":{"rendered":"","protected":false},"author":1,"featured_media":0,"parent":0,"menu_order":0,"comment_status":"closed","ping_status":"closed","template":"","meta":{"site-sidebar-layout":"default","site-content-layout":"","ast-site-content-layout":"","site-content-style":"default","site-sidebar-style":"default","ast-global-header-display":"","ast-banner-title-visibility":"","ast-main-header-display":"","ast-hfb-above-header-display":"","ast-hfb-below-header-display":"","ast-hfb-mobile-header-display":"","site-post-title":"disabled","ast-breadcrumbs-content":"","ast-featured-img":"","footer-sml-layout":"","theme-transparent-header-meta":"","adv-header-id-meta":"","stick-header-meta":"","header-above-stick-meta":"","header-main-stick-meta":"","header-below-stick-meta":"","astra-migrate-meta-layouts":"default","ast-page-background-enabled":"default","ast-page-background-meta":{"desktop":{"background-color":"var(--ast-global-color-4)","background-image":"","background-repeat":"repeat","background-position":"center center","background-size":"auto","background-attachment":"scroll","background-type":"","background-media":"","overlay-type":"","overlay-color":"","overlay-opacity":"","overlay-gradient":""},"tablet":{"background-color":"","background-image":"","background-repeat":"repeat","background-position":"center center","background-size":"auto","background-attachment":"scroll","background-type":"","background-media":"","overlay-type":"","overlay-color":"","overlay-opacity":"","overlay-gradient":""},"mobile":{"background-color":"","background-image":"","background-repeat":"repeat","background-position":"center center","background-size":"auto","background-attachment":"scroll","background-type":"","background-media":"","overlay-type":"","overlay-color":"","overlay-opacity":"","overlay-gradient":""}},"ast-content-background-meta":{"desktop":{"background-color":"var(--ast-global-color-5)","background-image":"","background-repeat":"repeat","background-position":"center center","background-size":"auto","background-attachment":"scroll","background-type":"","background-media":"","overlay-type":"","overlay-color":"","overlay-opacity":"","overlay-gradient":""},"tablet":{"background-color":"var(--ast-global-color-5)","background-image":"","background-repeat":"repeat","background-position":"center center","background-size":"auto","background-attachment":"scroll","background-type":"","background-media":"","overlay-type":"","overlay-color":"","overlay-opacity":"","overlay-gradient":""},"mobile":{"background-color":"var(--ast-global-color-5)","background-image":"","background-repeat":"repeat","background-position":"center center","background-size":"auto","background-attachment":"scroll","background-type":"","background-media":"","overlay-type":"","overlay-color":"","overlay-opacity":"","overlay-gradient":""}},"footnotes":""},"class_list":["post-715","page","type-page","status-publish","hentry"],"_links":{"self":[{"href":"https:\/\/pijones.ch\/es\/wp-json\/wp\/v2\/pages\/715","targetHints":{"allow":["GET"]}}],"collection":[{"href":"https:\/\/pijones.ch\/es\/wp-json\/wp\/v2\/pages"}],"about":[{"href":"https:\/\/pijones.ch\/es\/wp-json\/wp\/v2\/types\/page"}],"author":[{"embeddable":true,"href":"https:\/\/pijones.ch\/es\/wp-json\/wp\/v2\/users\/1"}],"replies":[{"embeddable":true,"href":"https:\/\/pijones.ch\/es\/wp-json\/wp\/v2\/comments?post=715"}],"version-history":[{"count":8,"href":"https:\/\/pijones.ch\/es\/wp-json\/wp\/v2\/pages\/715\/revisions"}],"predecessor-version":[{"id":938,"href":"https:\/\/pijones.ch\/es\/wp-json\/wp\/v2\/pages\/715\/revisions\/938"}],"wp:attachment":[{"href":"https:\/\/pijones.ch\/es\/wp-json\/wp\/v2\/media?parent=715"}],"curies":[{"name":"wp","href":"https:\/\/api.w.org\/{rel}","templated":true}]}}