{"id":711,"date":"2023-04-22T18:10:23","date_gmt":"2023-04-22T16:10:23","guid":{"rendered":"https:\/\/pijones.ch\/informacion-practica\/"},"modified":"2023-06-04T20:43:13","modified_gmt":"2023-06-04T18:43:13","slug":"informacion-practica","status":"publish","type":"page","link":"https:\/\/pijones.ch\/es\/informacion-practica\/","title":{"rendered":"Informaci\u00f3n pr\u00e1ctica"},"content":{"rendered":"\n<div class=\"inherit-container-width wp-block-group alignfull title has-ast-global-color-1-background-color has-background is-layout-constrained wp-container-core-group-is-layout-29c79c94 wp-block-group-is-layout-constrained\">\n<figure class=\"wp-block-image size-full is-resized\"><img loading=\"lazy\" decoding=\"async\" src=\"https:\/\/pijones.ch\/site\/wp-content\/uploads\/2023\/04\/titre-informations-pratiques-1.png\" alt=\"Informaci&#xF3;n pr&#xE1;ctica\" class=\"wp-image-130\" width=\"1261\" height=\"606\" srcset=\"https:\/\/pijones.ch\/site\/wp-content\/uploads\/2023\/04\/titre-informations-pratiques-1.png 2522w, https:\/\/pijones.ch\/site\/wp-content\/uploads\/2023\/04\/titre-informations-pratiques-1-300x144.png 300w, https:\/\/pijones.ch\/site\/wp-content\/uploads\/2023\/04\/titre-informations-pratiques-1-1024x492.png 1024w, https:\/\/pijones.ch\/site\/wp-content\/uploads\/2023\/04\/titre-informations-pratiques-1-768x369.png 768w, https:\/\/pijones.ch\/site\/wp-content\/uploads\/2023\/04\/titre-informations-pratiques-1-1536x738.png 1536w, https:\/\/pijones.ch\/site\/wp-content\/uploads\/2023\/04\/titre-informations-pratiques-1-2048x984.png 2048w\" sizes=\"auto, (max-width: 1261px) 100vw, 1261px\" \/><\/figure>\n<\/div>\n\n<div class=\"wp-block-group is-vertical is-layout-flex wp-container-core-group-is-layout-fe9cc265 wp-block-group-is-layout-flex\">\n<div class=\"wp-block-media-text alignwide is-stacked-on-mobile rounded\" style=\"grid-template-columns:33% auto\"><figure class=\"wp-block-media-text__media\"><img loading=\"lazy\" decoding=\"async\" width=\"820\" height=\"1024\" src=\"https:\/\/pijones.ch\/site\/wp-content\/uploads\/2023\/04\/clos-du-chateau-820x1024.jpg\" alt=\"\" class=\"wp-image-160 size-full\" srcset=\"https:\/\/pijones.ch\/site\/wp-content\/uploads\/2023\/04\/clos-du-chateau-820x1024.jpg 820w, https:\/\/pijones.ch\/site\/wp-content\/uploads\/2023\/04\/clos-du-chateau-240x300.jpg 240w, https:\/\/pijones.ch\/site\/wp-content\/uploads\/2023\/04\/clos-du-chateau-768x959.jpg 768w, https:\/\/pijones.ch\/site\/wp-content\/uploads\/2023\/04\/clos-du-chateau.jpg 1139w\" sizes=\"auto, (max-width: 820px) 100vw, 820px\" \/><\/figure><div class=\"wp-block-media-text__content\">\n<h2 class=\"wp-block-heading\">Fecha y lugar<\/h2>\n\n\n\n<p class=\"has-medium-font-size\">Nos vemos el 22 de julio de 2023 a las 15.00 horas en el Clos du Ch\u00e2teau de Satigny, en el cant\u00f3n de Ginebra.<\/p>\n\n\n\n<p class=\"has-small-font-size\">Clos du Ch\u00e2teau<br\/>Rte du Cr\u00eat-de-Choully 29<br\/>1242 Satigny<\/p>\n\n\n\n<div class=\"wp-block-buttons is-layout-flex wp-block-buttons-is-layout-flex\">\n<div class=\"wp-block-button\"><a class=\"wp-block-button__link wp-element-button\" href=\"https:\/\/closduchateau.ch\/Les-Salles\/\" target=\"_blank\" rel=\"noreferrer noopener\">El sitio<\/a><\/div>\n\n\n\n<div class=\"wp-block-button\"><a class=\"wp-block-button__link wp-element-button\" href=\"https:\/\/goo.gl\/maps\/zfgJFcuWrzuMz7YJ7\" target=\"_blank\" rel=\"noreferrer noopener\">Google Maps<\/a><\/div>\n<\/div>\n<\/div><\/div>\n\n\n\n<div style=\"height:100px\" aria-hidden=\"true\" class=\"wp-block-spacer\"><\/div>\n\n\n\n<div class=\"inherit-container-width wp-block-group is-layout-constrained wp-block-group-is-layout-constrained\">\n<figure class=\"wp-block-image size-large has-custom-border\"><a href=\"https:\/\/pijones.ch\/site\/wp-content\/uploads\/2023\/05\/plan_pijones.png\"><img loading=\"lazy\" decoding=\"async\" width=\"1024\" height=\"586\" src=\"https:\/\/pijones.ch\/site\/wp-content\/uploads\/2023\/05\/plan_pijones-1024x586.png\" alt=\"\" class=\"wp-image-482\" style=\"border-radius:30px\" srcset=\"https:\/\/pijones.ch\/site\/wp-content\/uploads\/2023\/05\/plan_pijones-1024x586.png 1024w, https:\/\/pijones.ch\/site\/wp-content\/uploads\/2023\/05\/plan_pijones-300x172.png 300w, https:\/\/pijones.ch\/site\/wp-content\/uploads\/2023\/05\/plan_pijones-768x440.png 768w, https:\/\/pijones.ch\/site\/wp-content\/uploads\/2023\/05\/plan_pijones-1536x879.png 1536w, https:\/\/pijones.ch\/site\/wp-content\/uploads\/2023\/05\/plan_pijones.png 1887w\" sizes=\"auto, (max-width: 1024px) 100vw, 1024px\" \/><\/a><\/figure>\n<\/div>\n<\/div>\n\n<div class=\"inherit-container-width wp-block-group alignfull has-ast-global-color-8-background-color has-background is-layout-constrained wp-block-group-is-layout-constrained\">\n<h2 class=\"wp-block-heading alignwide has-text-align-left has-ast-global-color-0-color has-text-color\">Transporte<\/h2>\n\n\n\n<div class=\"wp-block-media-text alignwide has-media-on-the-right is-stacked-on-mobile\"><div class=\"wp-block-media-text__content\">\n<h3 class=\"wp-block-heading has-ast-global-color-0-color has-text-color\">En carro<\/h3>\n\n\n\n<p class=\"has-ast-global-color-0-color has-text-color\">Le Clos du Ch\u00e2teau se encuentra a 10 minutos en caroo del aeropuerto de Ginebra.<\/p>\n\n\n\n<p class=\"has-ast-global-color-0-color has-text-color\">Existe un aparcamiento indicado desde el centro de Satigny: <strong>\u00a1siga las indicaciones<\/strong> para llegar! El acceso indicado por el GPS ser\u00e1 desviado.<\/p>\n\n\n\n<p class=\"has-ast-global-color-7-color has-text-color\">Le animamos a compartir carro y a elegir bebidas sin alcohol para los que conduzcan. Nos preocupamos por ti. <\/p>\n<\/div><figure class=\"wp-block-media-text__media\"><img loading=\"lazy\" decoding=\"async\" width=\"1024\" height=\"1024\" src=\"https:\/\/pijones.ch\/site\/wp-content\/uploads\/2023\/05\/shape-leaf-stalag-1024x1024.png\" alt=\"\" class=\"wp-image-497 size-full\" srcset=\"https:\/\/pijones.ch\/site\/wp-content\/uploads\/2023\/05\/shape-leaf-stalag-1024x1024.png 1024w, https:\/\/pijones.ch\/site\/wp-content\/uploads\/2023\/05\/shape-leaf-stalag-300x300.png 300w, https:\/\/pijones.ch\/site\/wp-content\/uploads\/2023\/05\/shape-leaf-stalag-150x150.png 150w, https:\/\/pijones.ch\/site\/wp-content\/uploads\/2023\/05\/shape-leaf-stalag-768x768.png 768w, https:\/\/pijones.ch\/site\/wp-content\/uploads\/2023\/05\/shape-leaf-stalag-1536x1536.png 1536w, https:\/\/pijones.ch\/site\/wp-content\/uploads\/2023\/05\/shape-leaf-stalag.png 1580w\" sizes=\"auto, (max-width: 1024px) 100vw, 1024px\" \/><\/figure><\/div>\n\n\n\n<div class=\"wp-block-media-text alignwide is-stacked-on-mobile\"><figure class=\"wp-block-media-text__media\"><img loading=\"lazy\" decoding=\"async\" width=\"1024\" height=\"982\" src=\"https:\/\/pijones.ch\/site\/wp-content\/uploads\/2023\/04\/shape-leaf-1024x982.png\" alt=\"\" class=\"wp-image-176 size-full\" srcset=\"https:\/\/pijones.ch\/site\/wp-content\/uploads\/2023\/04\/shape-leaf-1024x982.png 1024w, https:\/\/pijones.ch\/site\/wp-content\/uploads\/2023\/04\/shape-leaf-300x288.png 300w, https:\/\/pijones.ch\/site\/wp-content\/uploads\/2023\/04\/shape-leaf-768x736.png 768w, https:\/\/pijones.ch\/site\/wp-content\/uploads\/2023\/04\/shape-leaf.png 1116w\" sizes=\"auto, (max-width: 1024px) 100vw, 1024px\" \/><\/figure><div class=\"wp-block-media-text__content\">\n<h3 class=\"wp-block-heading has-ast-global-color-0-color has-text-color\">En transporte p\u00fablico<\/h3>\n\n\n\n<p class=\"has-ast-global-color-0-color has-text-color\">El Clos du Ch\u00e2teau est\u00e1 a 28 minutos en transporte p\u00fablico de la estaci\u00f3n de tren de Ginebra. Para llegar, tome el tren RER L5 hasta Satigny, despu\u00e9s el autob\u00fas 72 y b\u00e1jese en la parada &#8220;Satigny, Choully&#8221;.<\/p>\n\n\n\n<p class=\"has-ast-global-color-0-color has-text-color\">De regreso a Lausana:<\/p>\n\n\n\n<p><\/p>\n\n\n\n<ul class=\"has-ast-global-color-0-color has-ast-global-color-8-background-color has-text-color has-background wp-block-list\">\n<li>Los trenes salen del aeropuerto de Ginebra a las <strong>23:11<\/strong>, <strong>23:41<\/strong>, <strong>00:10<\/strong>, <strong>01:10<\/strong>. <\/li>\n\n\n\n<li>Los trenes salen de Ginebra a las <strong>23.10<\/strong>, <strong>23.19<\/strong>, <strong>23.49<\/strong>, <strong>00.19<\/strong>, <strong>01.19<\/strong>, <strong>02.20<\/strong>.<\/li>\n<\/ul>\n\n\n\n<div class=\"wp-block-buttons is-layout-flex wp-block-buttons-is-layout-flex\">\n<div class=\"wp-block-button\"><a class=\"wp-block-button__link has-ast-global-color-8-color has-ast-global-color-4-background-color has-text-color has-background wp-element-button\" href=\"https:\/\/www.sbb.ch\/fr\/\" target=\"_blank\" rel=\"noreferrer noopener\">SBB FFS<\/a><\/div>\n<\/div>\n<\/div><\/div>\n<\/div>\n\n<div class=\"inherit-container-width wp-block-group alignfull has-ast-global-color-1-background-color has-background is-layout-constrained wp-block-group-is-layout-constrained\">\n<h2 class=\"wp-block-heading alignwide\">Alojamiento<\/h2>\n\n\n\n<div class=\"wp-block-media-text alignwide has-media-on-the-right is-stacked-on-mobile\"><div class=\"wp-block-media-text__content\">\n<p class=\"has-medium-font-size\">Si quieres pasar la noche cerca de Satigny, aqu\u00ed tienes algunas ideas.<\/p>\n\n\n\n<h3 class=\"wp-block-heading\">Pr\u00e1ctico<\/h3>\n\n\n\n<p><a rel=\"noreferrer noopener\" href=\"https:\/\/www.woods-hotels.com\/\" target=\"_blank\">Hotel Woods<\/a><br\/><a rel=\"noreferrer noopener\" href=\"https:\/\/all.accor.com\/hotel\/A9U8\/index.fr.shtml\" target=\"_blank\">ibis Budget Saint-Genis-Pouilly<\/a><br\/><a rel=\"noreferrer noopener\" href=\"https:\/\/all.accor.com\/hotel\/B9F1\/index.en.shtml\" target=\"_blank\">Mercure Ginebra Aeropuerto<\/a><\/p>\n<\/div><figure class=\"wp-block-media-text__media\"><img loading=\"lazy\" decoding=\"async\" width=\"1024\" height=\"746\" src=\"https:\/\/pijones.ch\/site\/wp-content\/uploads\/2023\/04\/shape-double-blue-black-1024x746.png\" alt=\"\" class=\"wp-image-181 size-full\" srcset=\"https:\/\/pijones.ch\/site\/wp-content\/uploads\/2023\/04\/shape-double-blue-black-1024x746.png 1024w, https:\/\/pijones.ch\/site\/wp-content\/uploads\/2023\/04\/shape-double-blue-black-300x218.png 300w, https:\/\/pijones.ch\/site\/wp-content\/uploads\/2023\/04\/shape-double-blue-black-768x559.png 768w, https:\/\/pijones.ch\/site\/wp-content\/uploads\/2023\/04\/shape-double-blue-black.png 1244w\" sizes=\"auto, (max-width: 1024px) 100vw, 1024px\" \/><\/figure><\/div>\n\n\n\n<div class=\"wp-block-media-text alignwide is-stacked-on-mobile is-vertically-aligned-top\"><figure class=\"wp-block-media-text__media\"><img loading=\"lazy\" decoding=\"async\" width=\"904\" height=\"974\" src=\"https:\/\/pijones.ch\/site\/wp-content\/uploads\/2023\/04\/shape-double-pink-black.png\" alt=\"\" class=\"wp-image-182 size-full\" srcset=\"https:\/\/pijones.ch\/site\/wp-content\/uploads\/2023\/04\/shape-double-pink-black.png 904w, https:\/\/pijones.ch\/site\/wp-content\/uploads\/2023\/04\/shape-double-pink-black-278x300.png 278w, https:\/\/pijones.ch\/site\/wp-content\/uploads\/2023\/04\/shape-double-pink-black-768x827.png 768w\" sizes=\"auto, (max-width: 904px) 100vw, 904px\" \/><\/figure><div class=\"wp-block-media-text__content\">\n<h3 class=\"wp-block-heading\">M\u00e1s rom\u00e1ntico<\/h3>\n\n\n\n<p><a href=\"https:\/\/www.aubergedesvergers.ch\/\">Albergue de los Vergers<\/a><br\/><a rel=\"noreferrer noopener\" href=\"https:\/\/www.chambres-hotes.fr\/chambres-hotes_ferme-du-lignon_geneve_h5702088.htm\" target=\"_blank\">Ferme du Lignon<\/a> <br\/><a rel=\"noreferrer noopener\" href=\"https:\/\/aubergedeschasseurs.com\/\" target=\"_blank\">Albergue de cazadores<\/a> <br\/><\/p>\n<\/div><\/div>\n<\/div>\n\n<div class=\"inherit-container-width wp-block-group alignfull has-ast-global-color-8-background-color has-background is-layout-constrained wp-block-group-is-layout-constrained\" id=\"rappel\">\n<div class=\"inherit-container-width wp-block-group is-layout-constrained wp-block-group-is-layout-constrained\">\n<div class=\"wp-block-columns is-layout-flex wp-container-core-columns-is-layout-28f84493 wp-block-columns-is-layout-flex\">\n<div class=\"wp-block-column is-vertically-aligned-top colorcol has-ast-global-color-3-background-color has-text-color has-background has-link-color wp-elements-fa83d89f8a8d69852aaf2953011f8019 is-layout-flow wp-block-column-is-layout-flow\" style=\"color:#000000;padding-top:2em;padding-right:2em;padding-bottom:2em;padding-left:2em\">\n<figure class=\"wp-block-image size-full is-resized\"><img loading=\"lazy\" decoding=\"async\" src=\"https:\/\/pijones.ch\/site\/wp-content\/uploads\/2023\/04\/shape-1-mini.png\" alt=\"\" class=\"wp-image-100\" width=\"112\" height=\"144\"\/><\/figure>\n\n\n\n<h2 class=\"wp-block-heading\" id=\"single\" style=\"font-size:40px\"><strong><strong>Descubra el programa<\/strong><\/strong><\/h2>\n\n\n\n<p class=\"has-normal-font-size\" style=\"line-height:1.5\">Todo sobre la Fiesta de los Pijones.<\/p>\n\n\n\n<div class=\"wp-block-buttons alignfull is-horizontal is-content-justification-left is-layout-flex wp-container-core-buttons-is-layout-20be11b6 wp-block-buttons-is-layout-flex\">\n<div class=\"wp-block-button is-style-fill\"><a class=\"wp-block-button__link has-ast-global-color-0-color has-ast-global-color-8-background-color has-text-color has-background has-text-align-center wp-element-button\" href=\"https:\/\/pijones.ch\/es\/programa\/\">Programa<\/a><\/div>\n<\/div>\n<\/div>\n\n\n\n<div class=\"wp-block-column is-vertically-aligned-top colorcol has-ast-global-color-4-background-color has-text-color has-background has-link-color wp-elements-714c09772b08479c4e705bf572a3e26f is-layout-flow wp-block-column-is-layout-flow\" style=\"color:#000000;padding-top:2em;padding-right:2em;padding-bottom:2em;padding-left:2em\">\n<figure class=\"wp-block-image size-full is-resized\"><img loading=\"lazy\" decoding=\"async\" src=\"https:\/\/pijones.ch\/site\/wp-content\/uploads\/2023\/04\/shape-3-mini.png\" alt=\"\" class=\"wp-image-108\" width=\"123\" height=\"128\"\/><\/figure>\n\n\n\n<h2 class=\"wp-block-heading\" id=\"comment\" style=\"font-size:40px\"><strong>\u00bfTiene alguna pregunta?<\/strong><\/h2>\n\n\n\n<p class=\"has-normal-font-size\">Consulte nuestras preguntas frecuentes.<\/p>\n\n\n\n<div class=\"wp-block-buttons alignfull is-horizontal is-content-justification-left is-layout-flex wp-container-core-buttons-is-layout-20be11b6 wp-block-buttons-is-layout-flex\">\n<div class=\"wp-block-button\"><a class=\"wp-block-button__link has-ast-global-color-0-color has-ast-global-color-8-background-color has-text-color has-background wp-element-button\" href=\"https:\/\/pijones.ch\/es\/preguntas-frecuentes\/\">FAQ<\/a><\/div>\n<\/div>\n<\/div>\n<\/div>\n<\/div>\n<\/div>\n","protected":false},"excerpt":{"rendered":"<p>Fecha y lugar Nos vemos el 22 de julio de 2023 a las 15.00 horas en el Clos du Ch\u00e2teau de Satigny, en el cant\u00f3n de Ginebra. Clos du Ch\u00e2teauRte du Cr\u00eat-de-Choully 291242 Satigny Transporte En carro Le Clos du Ch\u00e2teau se encuentra a 10 minutos en caroo del aeropuerto de Ginebra. Existe un aparcamiento [&hellip;]<\/p>\n","protected":false},"author":1,"featured_media":0,"parent":0,"menu_order":0,"comment_status":"closed","ping_status":"closed","template":"","meta":{"site-sidebar-layout":"default","site-content-layout":"","ast-site-content-layout":"","site-content-style":"default","site-sidebar-style":"default","ast-global-header-display":"","ast-banner-title-visibility":"","ast-main-header-display":"","ast-hfb-above-header-display":"","ast-hfb-below-header-display":"","ast-hfb-mobile-header-display":"","site-post-title":"disabled","ast-breadcrumbs-content":"","ast-featured-img":"","footer-sml-layout":"","theme-transparent-header-meta":"","adv-header-id-meta":"","stick-header-meta":"","header-above-stick-meta":"","header-main-stick-meta":"","header-below-stick-meta":"","astra-migrate-meta-layouts":"default","ast-page-background-enabled":"default","ast-page-background-meta":{"desktop":{"background-color":"var(--ast-global-color-4)","background-image":"","background-repeat":"repeat","background-position":"center center","background-size":"auto","background-attachment":"scroll","background-type":"","background-media":"","overlay-type":"","overlay-color":"","overlay-opacity":"","overlay-gradient":""},"tablet":{"background-color":"","background-image":"","background-repeat":"repeat","background-position":"center center","background-size":"auto","background-attachment":"scroll","background-type":"","background-media":"","overlay-type":"","overlay-color":"","overlay-opacity":"","overlay-gradient":""},"mobile":{"background-color":"","background-image":"","background-repeat":"repeat","background-position":"center center","background-size":"auto","background-attachment":"scroll","background-type":"","background-media":"","overlay-type":"","overlay-color":"","overlay-opacity":"","overlay-gradient":""}},"ast-content-background-meta":{"desktop":{"background-color":"var(--ast-global-color-5)","background-image":"","background-repeat":"repeat","background-position":"center center","background-size":"auto","background-attachment":"scroll","background-type":"","background-media":"","overlay-type":"","overlay-color":"","overlay-opacity":"","overlay-gradient":""},"tablet":{"background-color":"var(--ast-global-color-5)","background-image":"","background-repeat":"repeat","background-position":"center center","background-size":"auto","background-attachment":"scroll","background-type":"","background-media":"","overlay-type":"","overlay-color":"","overlay-opacity":"","overlay-gradient":""},"mobile":{"background-color":"var(--ast-global-color-5)","background-image":"","background-repeat":"repeat","background-position":"center center","background-size":"auto","background-attachment":"scroll","background-type":"","background-media":"","overlay-type":"","overlay-color":"","overlay-opacity":"","overlay-gradient":""}},"footnotes":""},"class_list":["post-711","page","type-page","status-publish","hentry"],"_links":{"self":[{"href":"https:\/\/pijones.ch\/es\/wp-json\/wp\/v2\/pages\/711","targetHints":{"allow":["GET"]}}],"collection":[{"href":"https:\/\/pijones.ch\/es\/wp-json\/wp\/v2\/pages"}],"about":[{"href":"https:\/\/pijones.ch\/es\/wp-json\/wp\/v2\/types\/page"}],"author":[{"embeddable":true,"href":"https:\/\/pijones.ch\/es\/wp-json\/wp\/v2\/users\/1"}],"replies":[{"embeddable":true,"href":"https:\/\/pijones.ch\/es\/wp-json\/wp\/v2\/comments?post=711"}],"version-history":[{"count":3,"href":"https:\/\/pijones.ch\/es\/wp-json\/wp\/v2\/pages\/711\/revisions"}],"predecessor-version":[{"id":750,"href":"https:\/\/pijones.ch\/es\/wp-json\/wp\/v2\/pages\/711\/revisions\/750"}],"wp:attachment":[{"href":"https:\/\/pijones.ch\/es\/wp-json\/wp\/v2\/media?parent=711"}],"curies":[{"name":"wp","href":"https:\/\/api.w.org\/{rel}","templated":true}]}}