{"id":705,"date":"2023-04-22T18:05:20","date_gmt":"2023-04-22T16:05:20","guid":{"rendered":"https:\/\/pijones.ch\/quienes-somos\/"},"modified":"2023-06-04T21:18:49","modified_gmt":"2023-06-04T19:18:49","slug":"quienes-somos","status":"publish","type":"page","link":"https:\/\/pijones.ch\/es\/quienes-somos\/","title":{"rendered":"Qui\u00e9nes somos"},"content":{"rendered":"\n<div class=\"inherit-container-width wp-block-group alignfull title has-ast-global-color-1-background-color has-background is-layout-constrained wp-container-core-group-is-layout-29c79c94 wp-block-group-is-layout-constrained\">\n<figure class=\"wp-block-image size-full title\"><img loading=\"lazy\" decoding=\"async\" width=\"2522\" height=\"1212\" src=\"https:\/\/pijones.ch\/site\/wp-content\/uploads\/2023\/05\/titre-apropos.png\" alt=\"\" class=\"wp-image-345\" srcset=\"https:\/\/pijones.ch\/site\/wp-content\/uploads\/2023\/05\/titre-apropos.png 2522w, https:\/\/pijones.ch\/site\/wp-content\/uploads\/2023\/05\/titre-apropos-300x144.png 300w, https:\/\/pijones.ch\/site\/wp-content\/uploads\/2023\/05\/titre-apropos-1024x492.png 1024w, https:\/\/pijones.ch\/site\/wp-content\/uploads\/2023\/05\/titre-apropos-768x369.png 768w, https:\/\/pijones.ch\/site\/wp-content\/uploads\/2023\/05\/titre-apropos-1536x738.png 1536w, https:\/\/pijones.ch\/site\/wp-content\/uploads\/2023\/05\/titre-apropos-2048x984.png 2048w\" sizes=\"auto, (max-width: 2522px) 100vw, 2522px\" \/><\/figure>\n<\/div>\n\n<div id=\"pourquoi\" class=\"inherit-container-width wp-block-group is-layout-constrained wp-block-group-is-layout-constrained\">\n<h2 class=\"wp-block-heading\">Pero, \u00bfpor qu\u00e9 Pijones?<\/h2>\n\n\n\n<div class=\"wp-block-media-text alignwide has-media-on-the-right is-stacked-on-mobile is-vertically-aligned-center\" style=\"grid-template-columns:auto 30%\"><div class=\"wp-block-media-text__content\">\n<p>Pilar Cristina S\u00e1nchez G\u00f3mez y Nicolas Peter Jones Rudolf von Rohr. Estos son nuestros nombres oficiales. En la vida de todos los d\u00edas, nuestros amigos nos dicen Piti y Jones (casi n\u00fanca Nicolas). Tomen la primera y la \u00faltima s\u00edlaba y obtendr\u00e1n <strong>\u00a1Pijones<\/strong>! Un nombre que nos une y que nos acompa\u00f1a desde hace tiempo. <\/p>\n<\/div><figure class=\"wp-block-media-text__media\"><img loading=\"lazy\" decoding=\"async\" width=\"600\" height=\"105\" src=\"https:\/\/pijones.ch\/site\/wp-content\/uploads\/2023\/04\/Logo-Pijones.png\" alt=\"\" class=\"wp-image-12 size-full\" srcset=\"https:\/\/pijones.ch\/site\/wp-content\/uploads\/2023\/04\/Logo-Pijones.png 600w, https:\/\/pijones.ch\/site\/wp-content\/uploads\/2023\/04\/Logo-Pijones-300x53.png 300w, https:\/\/pijones.ch\/site\/wp-content\/uploads\/2023\/04\/Logo-Pijones-200x35.png 200w\" sizes=\"auto, (max-width: 600px) 100vw, 600px\" \/><\/figure><\/div>\n<\/div>\n\n<div class=\"inherit-container-width wp-block-group alignfull has-ast-global-color-0-color has-ast-global-color-8-background-color has-text-color has-background is-layout-constrained wp-block-group-is-layout-constrained\">\n<h3 class=\"wp-block-heading alignwide has-text-align-left has-ast-global-color-0-color has-text-color\" id=\"amerique-du-sud\"><strong>Am\u00e9rica del Sur<\/strong><\/h3>\n\n\n\n<div class=\"wp-block-columns alignwide is-layout-flex wp-container-core-columns-is-layout-28f84493 wp-block-columns-is-layout-flex\">\n<div class=\"wp-block-column is-layout-flow wp-block-column-is-layout-flow\" style=\"flex-basis:33.38%\">\n<p class=\"has-ast-global-color-0-color has-text-color has-extra-small-font-size\">En enero del 2020 comienza nuestro gran viaje. Por fin decidimos tomarnos 6 meses de vacaciones para viajar por Sudam\u00e9rica. Un sue\u00f1o Y para contar nuestras aventuras, creamos la cuenta de instagram <a href=\"https:\/\/www.instagram.com\/pijones_voyageurs\/\" target=\"_blank\" rel=\"noreferrer noopener\">@pijones_voyageurs<\/a>.  <\/p>\n\n\n\n<p class=\"has-ast-global-color-0-color has-text-color has-extra-small-font-size\">Tras dos meses y medio intensos y llenos de momentos inolvidables, por desgracia la pandemia nos alcanz\u00f3 y el sue\u00f1o lleg\u00f3 a su fin mucho antes de lo esperado&#8230;  <\/p>\n<\/div>\n\n\n\n<div class=\"wp-block-column is-layout-flow wp-block-column-is-layout-flow\" style=\"flex-basis:33%\">\n<div style=\"height:100px\" aria-hidden=\"true\" class=\"wp-block-spacer hide-on-mobile\"><\/div>\n\n\n\n<figure class=\"wp-block-image size-large rounded\"><a href=\"https:\/\/pijones.ch\/site\/wp-content\/uploads\/2023\/04\/IMG_1334-scaled.jpg\"><img loading=\"lazy\" decoding=\"async\" width=\"745\" height=\"1024\" src=\"https:\/\/pijones.ch\/site\/wp-content\/uploads\/2023\/04\/IMG_1334-745x1024.jpg\" alt=\"\" class=\"wp-image-260\" srcset=\"https:\/\/pijones.ch\/site\/wp-content\/uploads\/2023\/04\/IMG_1334-745x1024.jpg 745w, https:\/\/pijones.ch\/site\/wp-content\/uploads\/2023\/04\/IMG_1334-218x300.jpg 218w, https:\/\/pijones.ch\/site\/wp-content\/uploads\/2023\/04\/IMG_1334-768x1055.jpg 768w, https:\/\/pijones.ch\/site\/wp-content\/uploads\/2023\/04\/IMG_1334-1118x1536.jpg 1118w, https:\/\/pijones.ch\/site\/wp-content\/uploads\/2023\/04\/IMG_1334-1490x2048.jpg 1490w, https:\/\/pijones.ch\/site\/wp-content\/uploads\/2023\/04\/IMG_1334-scaled.jpg 1863w\" sizes=\"auto, (max-width: 745px) 100vw, 745px\" \/><\/a><\/figure>\n<\/div>\n\n\n\n<div class=\"wp-block-column is-layout-flow wp-block-column-is-layout-flow\" style=\"flex-basis:33.62%\">\n<figure class=\"wp-block-image size-large\"><a href=\"https:\/\/pijones.ch\/site\/wp-content\/uploads\/2023\/04\/IMG_0579-scaled.jpg\"><img loading=\"lazy\" decoding=\"async\" width=\"768\" height=\"1024\" src=\"https:\/\/pijones.ch\/site\/wp-content\/uploads\/2023\/04\/IMG_0579-768x1024.jpg\" alt=\"\" class=\"wp-image-273\" srcset=\"https:\/\/pijones.ch\/site\/wp-content\/uploads\/2023\/04\/IMG_0579-768x1024.jpg 768w, https:\/\/pijones.ch\/site\/wp-content\/uploads\/2023\/04\/IMG_0579-225x300.jpg 225w, https:\/\/pijones.ch\/site\/wp-content\/uploads\/2023\/04\/IMG_0579-1152x1536.jpg 1152w, https:\/\/pijones.ch\/site\/wp-content\/uploads\/2023\/04\/IMG_0579-1536x2048.jpg 1536w, https:\/\/pijones.ch\/site\/wp-content\/uploads\/2023\/04\/IMG_0579-scaled.jpg 1920w\" sizes=\"auto, (max-width: 768px) 100vw, 768px\" \/><\/a><\/figure>\n<\/div>\n<\/div>\n\n\n\n<div class=\"wp-block-columns alignwide is-layout-flex wp-container-core-columns-is-layout-28f84493 wp-block-columns-is-layout-flex\">\n<div class=\"wp-block-column is-layout-flow wp-block-column-is-layout-flow\" style=\"flex-basis:67%\">\n<figure class=\"wp-block-image alignfull size-large\"><a href=\"https:\/\/pijones.ch\/site\/wp-content\/uploads\/2023\/04\/IMG_9812-scaled.jpg\"><img loading=\"lazy\" decoding=\"async\" width=\"1024\" height=\"768\" src=\"https:\/\/pijones.ch\/site\/wp-content\/uploads\/2023\/04\/IMG_9812-1024x768.jpg\" alt=\"\" class=\"wp-image-261\" srcset=\"https:\/\/pijones.ch\/site\/wp-content\/uploads\/2023\/04\/IMG_9812-1024x768.jpg 1024w, https:\/\/pijones.ch\/site\/wp-content\/uploads\/2023\/04\/IMG_9812-300x225.jpg 300w, https:\/\/pijones.ch\/site\/wp-content\/uploads\/2023\/04\/IMG_9812-768x576.jpg 768w, https:\/\/pijones.ch\/site\/wp-content\/uploads\/2023\/04\/IMG_9812-1536x1152.jpg 1536w, https:\/\/pijones.ch\/site\/wp-content\/uploads\/2023\/04\/IMG_9812-2048x1536.jpg 2048w\" sizes=\"auto, (max-width: 1024px) 100vw, 1024px\" \/><\/a><\/figure>\n<\/div>\n\n\n\n<div class=\"wp-block-column is-vertically-aligned-center is-layout-flow wp-block-column-is-layout-flow\" style=\"flex-basis:33%\">\n<p class=\"has-ast-global-color-0-color has-text-color has-extra-small-font-size\">De vuelta a Suiza en pleno confinamiento, la cuenta de instagram de los Pijones nos permiti\u00f3 seguir compartiendo y rememorando las incre\u00edbles experiencias vividas en tan poco tiempo en este continente. Desde entonces, no pasa una semana sin que pensemos en ello.  <\/p>\n<\/div>\n<\/div>\n<\/div>\n\n<div class=\"inherit-container-width wp-block-group alignfull has-ast-global-color-1-background-color has-background is-layout-constrained wp-block-group-is-layout-constrained\">\n<h3 class=\"wp-block-heading alignwide has-text-color\" id=\"demande-idyllique\" style=\"color:#000000\"><strong>La propuesta id\u00edlica<\/strong><\/h3>\n\n\n\n<div class=\"wp-block-columns alignwide is-layout-flex wp-container-core-columns-is-layout-28f84493 wp-block-columns-is-layout-flex\">\n<div class=\"wp-block-column is-layout-flow wp-block-column-is-layout-flow\" style=\"flex-basis:33.38%\">\n<p class=\"has-text-color has-extra-small-font-size\" style=\"color:#000000\">En 2022, surgi\u00f3 una nueva oportunidad para descubrir el fin del mundo. \u00a1Nos vamos para <strong>Tanzania<\/strong>! Tras jirafas, leones, elefantes y dos d\u00edas de impresionante trekking por las tierras de la comunidad Massa\u00ef, llegamos a la cascada de Engaresero. <\/p>\n\n\n\n<p class=\"has-text-color has-extra-small-font-size\" style=\"color:#000000\">Estabamos pr\u00e1cticamente solos, en el agua, bajo las palmeras, felices, en un entorno id\u00edlico cu\u00e1ndo Jones decidi\u00f3 declararse sacando un anillo del bolsillo de su vestido de ba\u01440. <\/p>\n<\/div>\n\n\n\n<div class=\"wp-block-column is-layout-flow wp-block-column-is-layout-flow\" style=\"flex-basis:33%\">\n<div style=\"height:100px\" aria-hidden=\"true\" class=\"wp-block-spacer hide-on-mobile\"><\/div>\n\n\n\n<figure class=\"wp-block-image size-large\"><a href=\"https:\/\/pijones.ch\/site\/wp-content\/uploads\/2023\/05\/IMG_6165-scaled.jpg\"><img loading=\"lazy\" decoding=\"async\" width=\"768\" height=\"1024\" src=\"https:\/\/pijones.ch\/site\/wp-content\/uploads\/2023\/05\/IMG_6165-768x1024.jpg\" alt=\"\" class=\"wp-image-314\" srcset=\"https:\/\/pijones.ch\/site\/wp-content\/uploads\/2023\/05\/IMG_6165-768x1024.jpg 768w, https:\/\/pijones.ch\/site\/wp-content\/uploads\/2023\/05\/IMG_6165-225x300.jpg 225w, https:\/\/pijones.ch\/site\/wp-content\/uploads\/2023\/05\/IMG_6165-1152x1536.jpg 1152w, https:\/\/pijones.ch\/site\/wp-content\/uploads\/2023\/05\/IMG_6165-1536x2048.jpg 1536w, https:\/\/pijones.ch\/site\/wp-content\/uploads\/2023\/05\/IMG_6165-scaled.jpg 1920w\" sizes=\"auto, (max-width: 768px) 100vw, 768px\" \/><\/a><\/figure>\n<\/div>\n\n\n\n<div class=\"wp-block-column is-layout-flow wp-block-column-is-layout-flow\" style=\"flex-basis:33.62%\">\n<figure class=\"wp-block-image size-large\"><a href=\"https:\/\/pijones.ch\/site\/wp-content\/uploads\/2023\/05\/IMG_6568-scaled.jpg\"><img loading=\"lazy\" decoding=\"async\" width=\"768\" height=\"1024\" src=\"https:\/\/pijones.ch\/site\/wp-content\/uploads\/2023\/05\/IMG_6568-768x1024.jpg\" alt=\"\" class=\"wp-image-304\" srcset=\"https:\/\/pijones.ch\/site\/wp-content\/uploads\/2023\/05\/IMG_6568-768x1024.jpg 768w, https:\/\/pijones.ch\/site\/wp-content\/uploads\/2023\/05\/IMG_6568-225x300.jpg 225w, https:\/\/pijones.ch\/site\/wp-content\/uploads\/2023\/05\/IMG_6568-1152x1536.jpg 1152w, https:\/\/pijones.ch\/site\/wp-content\/uploads\/2023\/05\/IMG_6568-1536x2048.jpg 1536w, https:\/\/pijones.ch\/site\/wp-content\/uploads\/2023\/05\/IMG_6568-scaled.jpg 1920w\" sizes=\"auto, (max-width: 768px) 100vw, 768px\" \/><\/a><\/figure>\n<\/div>\n<\/div>\n\n\n\n<div class=\"wp-block-columns alignwide is-layout-flex wp-container-core-columns-is-layout-28f84493 wp-block-columns-is-layout-flex\">\n<div class=\"wp-block-column is-layout-flow wp-block-column-is-layout-flow\" style=\"flex-basis:67%\">\n<figure class=\"wp-block-image alignfull size-large\"><a href=\"https:\/\/pijones.ch\/site\/wp-content\/uploads\/2023\/05\/IMG_7231-scaled.jpg\"><img loading=\"lazy\" decoding=\"async\" width=\"1024\" height=\"768\" src=\"https:\/\/pijones.ch\/site\/wp-content\/uploads\/2023\/05\/IMG_7231-1024x768.jpg\" alt=\"\" class=\"wp-image-315\" srcset=\"https:\/\/pijones.ch\/site\/wp-content\/uploads\/2023\/05\/IMG_7231-1024x768.jpg 1024w, https:\/\/pijones.ch\/site\/wp-content\/uploads\/2023\/05\/IMG_7231-300x225.jpg 300w, https:\/\/pijones.ch\/site\/wp-content\/uploads\/2023\/05\/IMG_7231-768x576.jpg 768w, https:\/\/pijones.ch\/site\/wp-content\/uploads\/2023\/05\/IMG_7231-1536x1152.jpg 1536w, https:\/\/pijones.ch\/site\/wp-content\/uploads\/2023\/05\/IMG_7231-2048x1536.jpg 2048w\" sizes=\"auto, (max-width: 1024px) 100vw, 1024px\" \/><\/a><\/figure>\n<\/div>\n\n\n\n<div class=\"wp-block-column is-vertically-aligned-center is-layout-flow wp-block-column-is-layout-flow\" style=\"flex-basis:33%\">\n<p class=\"has-text-color has-extra-small-font-size\" style=\"color:#000000\">La respuesta fue positiva, por supuesto. Pensando tomar una foto entre otras, nuestro gu\u00eda inmortaliza sin saberlo este momento \u00fanico bajo la cascada. El resto del viaje lo pasamos en las playas turquesas de Zanz\u00edbar. \u00a1Una aut\u00e9ntica luna de miel anticipada!<\/p>\n<\/div>\n<\/div>\n<\/div>\n\n<div class=\"inherit-container-width wp-block-group alignfull has-ast-global-color-6-background-color has-background is-layout-constrained wp-block-group-is-layout-constrained\">\n<div class=\"wp-block-media-text alignwide is-stacked-on-mobile\" style=\"grid-template-columns:30% auto\"><figure class=\"wp-block-media-text__media\"><a href=\"https:\/\/pijones.ch\/site\/wp-content\/uploads\/2023\/05\/Fichier-27@1x-1.png\"><img loading=\"lazy\" decoding=\"async\" width=\"734\" height=\"1024\" src=\"https:\/\/pijones.ch\/site\/wp-content\/uploads\/2023\/05\/Fichier-27@1x-1-734x1024.png\" alt=\"\" class=\"wp-image-293 size-large\" srcset=\"https:\/\/pijones.ch\/site\/wp-content\/uploads\/2023\/05\/Fichier-27@1x-1-734x1024.png 734w, https:\/\/pijones.ch\/site\/wp-content\/uploads\/2023\/05\/Fichier-27@1x-1-215x300.png 215w, https:\/\/pijones.ch\/site\/wp-content\/uploads\/2023\/05\/Fichier-27@1x-1-768x1071.png 768w, https:\/\/pijones.ch\/site\/wp-content\/uploads\/2023\/05\/Fichier-27@1x-1-1101x1536.png 1101w, https:\/\/pijones.ch\/site\/wp-content\/uploads\/2023\/05\/Fichier-27@1x-1.png 1252w\" sizes=\"auto, (max-width: 734px) 100vw, 734px\" \/><\/a><\/figure><div class=\"wp-block-media-text__content\">\n<h2 class=\"wp-block-heading\">Pijones Fest<\/h2>\n\n\n\n<p>A principios de 2023, tras una mudanza y un fin de a\u00f1o ajetreado, lleg\u00f3 el momento de planificar la boda. \u00bfPero de qu\u00e9 forma? Lo \u00fanico que sab\u00edamos es que quer\u00edamos que la fiesta se parezca a nosotros. <\/p>\n\n\n\n<p>Inmeditamente, pensamos en algo que nos gusta a la dos: los festivales. Los que organizamos nosotros, el JVAL y el Holy Groove, pero tambi\u00e9n a todos los que vamos cada a\u00f1o para disfrutar del ambiente y de la m\u00fasica. El tema y el nombre de este nuevo proyecto nos parecieron obvios: \u00a1as\u00ed naci\u00f3 el Pijones Fest!<\/p>\n<\/div><\/div>\n<\/div>\n\n<div class=\"inherit-container-width wp-block-group alignfull has-ast-global-color-8-background-color has-background is-layout-constrained wp-block-group-is-layout-constrained\">\n<div class=\"wp-block-columns is-layout-flex wp-container-core-columns-is-layout-28f84493 wp-block-columns-is-layout-flex\">\n<div class=\"wp-block-column is-vertically-aligned-top colorcol has-ast-global-color-3-background-color has-text-color has-background has-link-color wp-elements-fa83d89f8a8d69852aaf2953011f8019 is-layout-flow wp-block-column-is-layout-flow\" style=\"color:#000000;padding-top:2em;padding-right:2em;padding-bottom:2em;padding-left:2em\">\n<figure class=\"wp-block-image size-full is-resized\"><img loading=\"lazy\" decoding=\"async\" src=\"https:\/\/pijones.ch\/site\/wp-content\/uploads\/2023\/04\/shape-1-mini.png\" alt=\"\" class=\"wp-image-100\" width=\"112\" height=\"144\"\/><\/figure>\n\n\n\n<h2 class=\"wp-block-heading\" id=\"single\" style=\"font-size:40px\"><strong><strong>Descubra el programa<\/strong><\/strong><\/h2>\n\n\n\n<p class=\"has-normal-font-size\" style=\"line-height:1.5\">Todo sobre la Fiesta de los Pijones.<\/p>\n\n\n\n<div class=\"wp-block-buttons alignfull is-horizontal is-content-justification-left is-layout-flex wp-container-core-buttons-is-layout-20be11b6 wp-block-buttons-is-layout-flex\">\n<div class=\"wp-block-button is-style-fill\"><a class=\"wp-block-button__link has-ast-global-color-0-color has-ast-global-color-8-background-color has-text-color has-background has-text-align-center wp-element-button\" href=\"https:\/\/pijones.ch\/es\/programa\/\">Programa<\/a><\/div>\n<\/div>\n<\/div>\n\n\n\n<div class=\"wp-block-column is-vertically-aligned-top colorcol has-ast-global-color-4-background-color has-text-color has-background has-link-color wp-elements-714c09772b08479c4e705bf572a3e26f is-layout-flow wp-block-column-is-layout-flow\" style=\"color:#000000;padding-top:2em;padding-right:2em;padding-bottom:2em;padding-left:2em\">\n<figure class=\"wp-block-image size-full is-resized\"><img loading=\"lazy\" decoding=\"async\" src=\"https:\/\/pijones.ch\/site\/wp-content\/uploads\/2023\/04\/shape-3-mini.png\" alt=\"\" class=\"wp-image-108\" width=\"123\" height=\"128\"\/><\/figure>\n\n\n\n<h2 class=\"wp-block-heading\" id=\"comment\" style=\"font-size:40px\"><strong>\u00bfTiene alguna pregunta?<\/strong><\/h2>\n\n\n\n<p class=\"has-normal-font-size\">Consulte nuestras preguntas frecuentes.<\/p>\n\n\n\n<div class=\"wp-block-buttons alignfull is-horizontal is-content-justification-left is-layout-flex wp-container-core-buttons-is-layout-20be11b6 wp-block-buttons-is-layout-flex\">\n<div class=\"wp-block-button\"><a class=\"wp-block-button__link has-ast-global-color-0-color has-ast-global-color-8-background-color has-text-color has-background wp-element-button\" href=\"https:\/\/pijones.ch\/es\/preguntas-frecuentes\/\">FAQ<\/a><\/div>\n<\/div>\n<\/div>\n<\/div>\n\n\n\n<p><\/p>\n<\/div>\n","protected":false},"excerpt":{"rendered":"<p>Pero, \u00bfpor qu\u00e9 Pijones? Pilar Cristina S\u00e1nchez G\u00f3mez y Nicolas Peter Jones Rudolf von Rohr. Estos son nuestros nombres oficiales. En la vida de todos los d\u00edas, nuestros amigos nos dicen Piti y Jones (casi n\u00fanca Nicolas). Tomen la primera y la \u00faltima s\u00edlaba y obtendr\u00e1n \u00a1Pijones! Un nombre que nos une y que nos [&hellip;]<\/p>\n","protected":false},"author":1,"featured_media":0,"parent":0,"menu_order":0,"comment_status":"closed","ping_status":"closed","template":"","meta":{"site-sidebar-layout":"default","site-content-layout":"","ast-site-content-layout":"","site-content-style":"default","site-sidebar-style":"default","ast-global-header-display":"","ast-banner-title-visibility":"","ast-main-header-display":"","ast-hfb-above-header-display":"","ast-hfb-below-header-display":"","ast-hfb-mobile-header-display":"","site-post-title":"disabled","ast-breadcrumbs-content":"","ast-featured-img":"","footer-sml-layout":"","theme-transparent-header-meta":"","adv-header-id-meta":"","stick-header-meta":"","header-above-stick-meta":"","header-main-stick-meta":"","header-below-stick-meta":"","astra-migrate-meta-layouts":"default","ast-page-background-enabled":"default","ast-page-background-meta":{"desktop":{"background-color":"var(--ast-global-color-4)","background-image":"","background-repeat":"repeat","background-position":"center center","background-size":"auto","background-attachment":"scroll","background-type":"","background-media":"","overlay-type":"","overlay-color":"","overlay-opacity":"","overlay-gradient":""},"tablet":{"background-color":"","background-image":"","background-repeat":"repeat","background-position":"center center","background-size":"auto","background-attachment":"scroll","background-type":"","background-media":"","overlay-type":"","overlay-color":"","overlay-opacity":"","overlay-gradient":""},"mobile":{"background-color":"","background-image":"","background-repeat":"repeat","background-position":"center center","background-size":"auto","background-attachment":"scroll","background-type":"","background-media":"","overlay-type":"","overlay-color":"","overlay-opacity":"","overlay-gradient":""}},"ast-content-background-meta":{"desktop":{"background-color":"var(--ast-global-color-5)","background-image":"","background-repeat":"repeat","background-position":"center center","background-size":"auto","background-attachment":"scroll","background-type":"","background-media":"","overlay-type":"","overlay-color":"","overlay-opacity":"","overlay-gradient":""},"tablet":{"background-color":"var(--ast-global-color-5)","background-image":"","background-repeat":"repeat","background-position":"center center","background-size":"auto","background-attachment":"scroll","background-type":"","background-media":"","overlay-type":"","overlay-color":"","overlay-opacity":"","overlay-gradient":""},"mobile":{"background-color":"var(--ast-global-color-5)","background-image":"","background-repeat":"repeat","background-position":"center center","background-size":"auto","background-attachment":"scroll","background-type":"","background-media":"","overlay-type":"","overlay-color":"","overlay-opacity":"","overlay-gradient":""}},"footnotes":""},"class_list":["post-705","page","type-page","status-publish","hentry"],"_links":{"self":[{"href":"https:\/\/pijones.ch\/es\/wp-json\/wp\/v2\/pages\/705","targetHints":{"allow":["GET"]}}],"collection":[{"href":"https:\/\/pijones.ch\/es\/wp-json\/wp\/v2\/pages"}],"about":[{"href":"https:\/\/pijones.ch\/es\/wp-json\/wp\/v2\/types\/page"}],"author":[{"embeddable":true,"href":"https:\/\/pijones.ch\/es\/wp-json\/wp\/v2\/users\/1"}],"replies":[{"embeddable":true,"href":"https:\/\/pijones.ch\/es\/wp-json\/wp\/v2\/comments?post=705"}],"version-history":[{"count":15,"href":"https:\/\/pijones.ch\/es\/wp-json\/wp\/v2\/pages\/705\/revisions"}],"predecessor-version":[{"id":777,"href":"https:\/\/pijones.ch\/es\/wp-json\/wp\/v2\/pages\/705\/revisions\/777"}],"wp:attachment":[{"href":"https:\/\/pijones.ch\/es\/wp-json\/wp\/v2\/media?parent=705"}],"curies":[{"name":"wp","href":"https:\/\/api.w.org\/{rel}","templated":true}]}}