{"id":693,"date":"2023-04-22T18:11:58","date_gmt":"2023-04-22T16:11:58","guid":{"rendered":"https:\/\/pijones.ch\/venta-de-entradas\/"},"modified":"2023-08-16T18:04:18","modified_gmt":"2023-08-16T16:04:18","slug":"venta-de-entradas","status":"publish","type":"page","link":"https:\/\/pijones.ch\/es\/venta-de-entradas\/","title":{"rendered":"Ticketing"},"content":{"rendered":"\n<div class=\"inherit-container-width wp-block-group alignfull title has-ast-global-color-1-background-color has-background is-layout-constrained wp-container-core-group-is-layout-29c79c94 wp-block-group-is-layout-constrained\">\n<figure class=\"wp-block-image size-full title\"><img loading=\"lazy\" decoding=\"async\" width=\"2522\" height=\"1212\" src=\"https:\/\/pijones.ch\/site\/wp-content\/uploads\/2023\/04\/titre-billetterie.png\" alt=\"Denominaci&#xF3;n: Ticketing\" class=\"wp-image-285\" srcset=\"https:\/\/pijones.ch\/site\/wp-content\/uploads\/2023\/04\/titre-billetterie.png 2522w, https:\/\/pijones.ch\/site\/wp-content\/uploads\/2023\/04\/titre-billetterie-300x144.png 300w, https:\/\/pijones.ch\/site\/wp-content\/uploads\/2023\/04\/titre-billetterie-1024x492.png 1024w, https:\/\/pijones.ch\/site\/wp-content\/uploads\/2023\/04\/titre-billetterie-768x369.png 768w, https:\/\/pijones.ch\/site\/wp-content\/uploads\/2023\/04\/titre-billetterie-1536x738.png 1536w, https:\/\/pijones.ch\/site\/wp-content\/uploads\/2023\/04\/titre-billetterie-2048x984.png 2048w\" sizes=\"auto, (max-width: 2522px) 100vw, 2522px\" \/><\/figure>\n<\/div>\n\n<div class=\"inherit-container-width wp-block-group alignfull has-ast-global-color-8-background-color has-background is-layout-constrained wp-block-group-is-layout-constrained\">\n<div class=\"wp-block-media-text alignwide has-media-on-the-right is-stacked-on-mobile\"><div class=\"wp-block-media-text__content\">\n<h2 class=\"wp-block-heading has-ast-global-color-0-color has-text-color\">Agotado.<\/h2>\n\n\n\n<p class=\"has-ast-global-color-0-color has-text-color has-medium-font-size\">\u00a1Qu\u00e9 locura! \u00a1Fueron muchos en aceptar nuestra invitaci\u00f3n y eso significa mucho para nosotros! \ud83d\udc9a<\/p>\n\n\n\n<p class=\"has-ast-global-color-0-color has-text-color\">Habr\u00e1s recibido por correo tus <strong>entradas VIP<\/strong> y el programa del d\u00eda, y recibir\u00e1s in situ tu <strong>pase todo incluido<\/strong>: \u00a1una pulsera colombiana con los colores del evento, tejida especialmente para la ocasi\u00f3n! Los propios Pijones le dar\u00e1n la bienvenida y se la ofrecer\u00e1n antes de dar comienzo a las fiestas.  <\/p>\n<\/div><figure class=\"wp-block-media-text__media\"><img loading=\"lazy\" decoding=\"async\" width=\"765\" height=\"1024\" src=\"https:\/\/pijones.ch\/site\/wp-content\/uploads\/2023\/06\/IMG_2445-765x1024.png\" alt=\"\" class=\"wp-image-898 size-full\" srcset=\"https:\/\/pijones.ch\/site\/wp-content\/uploads\/2023\/06\/IMG_2445-765x1024.png 765w, https:\/\/pijones.ch\/site\/wp-content\/uploads\/2023\/06\/IMG_2445-224x300.png 224w, https:\/\/pijones.ch\/site\/wp-content\/uploads\/2023\/06\/IMG_2445-768x1029.png 768w, https:\/\/pijones.ch\/site\/wp-content\/uploads\/2023\/06\/IMG_2445-1147x1536.png 1147w, https:\/\/pijones.ch\/site\/wp-content\/uploads\/2023\/06\/IMG_2445-1529x2048.png 1529w\" sizes=\"auto, (max-width: 765px) 100vw, 765px\" \/><\/figure><\/div>\n<\/div>\n","protected":false},"excerpt":{"rendered":"<p>Agotado. \u00a1Qu\u00e9 locura! \u00a1Fueron muchos en aceptar nuestra invitaci\u00f3n y eso significa mucho para nosotros! \ud83d\udc9a Habr\u00e1s recibido por correo tus entradas VIP y el programa del d\u00eda, y recibir\u00e1s in situ tu pase todo incluido: \u00a1una pulsera colombiana con los colores del evento, tejida especialmente para la ocasi\u00f3n! Los propios Pijones le dar\u00e1n la [&hellip;]<\/p>\n","protected":false},"author":1,"featured_media":0,"parent":0,"menu_order":0,"comment_status":"closed","ping_status":"closed","template":"","meta":{"site-sidebar-layout":"default","site-content-layout":"","ast-site-content-layout":"","site-content-style":"default","site-sidebar-style":"default","ast-global-header-display":"","ast-banner-title-visibility":"","ast-main-header-display":"","ast-hfb-above-header-display":"","ast-hfb-below-header-display":"","ast-hfb-mobile-header-display":"","site-post-title":"disabled","ast-breadcrumbs-content":"","ast-featured-img":"","footer-sml-layout":"","theme-transparent-header-meta":"","adv-header-id-meta":"","stick-header-meta":"","header-above-stick-meta":"","header-main-stick-meta":"","header-below-stick-meta":"","astra-migrate-meta-layouts":"default","ast-page-background-enabled":"default","ast-page-background-meta":{"desktop":{"background-color":"var(--ast-global-color-4)","background-image":"","background-repeat":"repeat","background-position":"center center","background-size":"auto","background-attachment":"scroll","background-type":"","background-media":"","overlay-type":"","overlay-color":"","overlay-opacity":"","overlay-gradient":""},"tablet":{"background-color":"","background-image":"","background-repeat":"repeat","background-position":"center center","background-size":"auto","background-attachment":"scroll","background-type":"","background-media":"","overlay-type":"","overlay-color":"","overlay-opacity":"","overlay-gradient":""},"mobile":{"background-color":"","background-image":"","background-repeat":"repeat","background-position":"center center","background-size":"auto","background-attachment":"scroll","background-type":"","background-media":"","overlay-type":"","overlay-color":"","overlay-opacity":"","overlay-gradient":""}},"ast-content-background-meta":{"desktop":{"background-color":"var(--ast-global-color-5)","background-image":"","background-repeat":"repeat","background-position":"center center","background-size":"auto","background-attachment":"scroll","background-type":"","background-media":"","overlay-type":"","overlay-color":"","overlay-opacity":"","overlay-gradient":""},"tablet":{"background-color":"var(--ast-global-color-5)","background-image":"","background-repeat":"repeat","background-position":"center center","background-size":"auto","background-attachment":"scroll","background-type":"","background-media":"","overlay-type":"","overlay-color":"","overlay-opacity":"","overlay-gradient":""},"mobile":{"background-color":"var(--ast-global-color-5)","background-image":"","background-repeat":"repeat","background-position":"center center","background-size":"auto","background-attachment":"scroll","background-type":"","background-media":"","overlay-type":"","overlay-color":"","overlay-opacity":"","overlay-gradient":""}},"footnotes":""},"class_list":["post-693","page","type-page","status-publish","hentry"],"_links":{"self":[{"href":"https:\/\/pijones.ch\/es\/wp-json\/wp\/v2\/pages\/693","targetHints":{"allow":["GET"]}}],"collection":[{"href":"https:\/\/pijones.ch\/es\/wp-json\/wp\/v2\/pages"}],"about":[{"href":"https:\/\/pijones.ch\/es\/wp-json\/wp\/v2\/types\/page"}],"author":[{"embeddable":true,"href":"https:\/\/pijones.ch\/es\/wp-json\/wp\/v2\/users\/1"}],"replies":[{"embeddable":true,"href":"https:\/\/pijones.ch\/es\/wp-json\/wp\/v2\/comments?post=693"}],"version-history":[{"count":18,"href":"https:\/\/pijones.ch\/es\/wp-json\/wp\/v2\/pages\/693\/revisions"}],"predecessor-version":[{"id":951,"href":"https:\/\/pijones.ch\/es\/wp-json\/wp\/v2\/pages\/693\/revisions\/951"}],"wp:attachment":[{"href":"https:\/\/pijones.ch\/es\/wp-json\/wp\/v2\/media?parent=693"}],"curies":[{"name":"wp","href":"https:\/\/api.w.org\/{rel}","templated":true}]}}