{"id":690,"date":"2023-04-22T17:55:17","date_gmt":"2023-04-22T15:55:17","guid":{"rendered":"https:\/\/pijones.ch\/inicio\/"},"modified":"2025-02-01T08:39:31","modified_gmt":"2025-02-01T07:39:31","slug":"inicio","status":"publish","type":"page","link":"https:\/\/pijones.ch\/es\/","title":{"rendered":"Inicio"},"content":{"rendered":"\n<div class=\"inherit-container-width wp-block-group alignfull hero-home has-ast-global-color-1-background-color has-background is-layout-constrained wp-container-core-group-is-layout-55ae1de8 wp-block-group-is-layout-constrained\" style=\"padding-top:0;padding-right:0;padding-bottom:0;padding-left:0\">\n<figure class=\"wp-block-video alignfull\"><video height=\"1080\" style=\"aspect-ratio: 1920 \/ 1080;\" width=\"1920\" autoplay=\"\" muted=\"\" poster=\"https:\/\/pijones.ch\/site\/wp-content\/uploads\/2023\/05\/video-thumbnail.png\" preload=\"auto\" src=\"https:\/\/pijones.ch\/site\/wp-content\/uploads\/2023\/05\/PIJONNES_WEB_HOME_13.mp4\" playsinline=\"\"><\/video><\/figure>\n<\/div>\n\n<div class=\"wp-block-group alignfull has-ast-global-color-5-background-color has-background is-layout-constrained wp-block-group-is-layout-constrained\" id=\"about\" style=\"padding-top:143px;padding-bottom:144px\">\n<div class=\"wp-block-media-text is-stacked-on-mobile rounded\" style=\"grid-template-columns:33% auto\"><figure class=\"wp-block-media-text__media\"><a href=\"https:\/\/pijones.ch\/site\/wp-content\/uploads\/2023\/08\/Mariage-Crisitina-et-Nicolas-Steven-Schlosser-CCarre-Photographie-22072023-172811-scaled.jpg\"><img loading=\"lazy\" decoding=\"async\" width=\"683\" height=\"1024\" src=\"https:\/\/pijones.ch\/site\/wp-content\/uploads\/2023\/08\/Mariage-Crisitina-et-Nicolas-Steven-Schlosser-CCarre-Photographie-22072023-172811-683x1024.jpg\" alt=\"\" class=\"wp-image-954 size-large\" srcset=\"https:\/\/pijones.ch\/site\/wp-content\/uploads\/2023\/08\/Mariage-Crisitina-et-Nicolas-Steven-Schlosser-CCarre-Photographie-22072023-172811-683x1024.jpg 683w, https:\/\/pijones.ch\/site\/wp-content\/uploads\/2023\/08\/Mariage-Crisitina-et-Nicolas-Steven-Schlosser-CCarre-Photographie-22072023-172811-200x300.jpg 200w, https:\/\/pijones.ch\/site\/wp-content\/uploads\/2023\/08\/Mariage-Crisitina-et-Nicolas-Steven-Schlosser-CCarre-Photographie-22072023-172811-768x1152.jpg 768w, https:\/\/pijones.ch\/site\/wp-content\/uploads\/2023\/08\/Mariage-Crisitina-et-Nicolas-Steven-Schlosser-CCarre-Photographie-22072023-172811-1024x1536.jpg 1024w, https:\/\/pijones.ch\/site\/wp-content\/uploads\/2023\/08\/Mariage-Crisitina-et-Nicolas-Steven-Schlosser-CCarre-Photographie-22072023-172811-1365x2048.jpg 1365w, https:\/\/pijones.ch\/site\/wp-content\/uploads\/2023\/08\/Mariage-Crisitina-et-Nicolas-Steven-Schlosser-CCarre-Photographie-22072023-172811-scaled.jpg 1707w\" sizes=\"auto, (max-width: 683px) 100vw, 683px\" \/><\/a><\/figure><div class=\"wp-block-media-text__content\">\n<h2 class=\"wp-block-heading\">GRACIAS<\/h2>\n\n\n\n<p>\u00a1Qu\u00e9 divertido! Esta boda de estilo festival estuvo realmente a la altura de todas nuestras expectativas. La m\u00fasica, el ambiente, la comida, la decoraci\u00f3n, el tiempo y sobre todo T\u00da, \u00a1fue simplemente brillante! Muchas gracias por todo vuestro amor y atenci\u00f3n en este d\u00eda m\u00e1gico. \u00a1Estamos abrumados! \ud83d\udc9a<\/p>\n\n\n\n<p>Y para que el placer dure, \u00a1revive el evento en im\u00e1genes gracias a C Carr\u00e9 photographie! Encontrar\u00e1 <a href=\"#photovideo\" data-type=\"internal\" data-id=\"#photovideo\">las fotos y el v\u00eddeo<\/a> un poco m\u00e1s abajo. \u00a1Besos!<\/p>\n\n\n\n<p>Piti y Nicolas<\/p>\n<\/div><\/div>\n<\/div>\n\n<div class=\"wp-block-group alignfull has-ast-global-color-3-background-color has-background is-layout-constrained wp-block-group-is-layout-constrained\" id=\"about\" style=\"padding-top:143px;padding-bottom:144px\">\n<figure class=\"wp-block-image size-large\"><a href=\"https:\/\/danschiumarini.pixieset.com\/mariagecristinanicolas\/ceremonie\/\"><img loading=\"lazy\" decoding=\"async\" width=\"1024\" height=\"683\" src=\"https:\/\/pijones.ch\/site\/wp-content\/uploads\/2023\/08\/Mariage-Cristina-et-Nicolas-Dan-Schiumarini-CCarre-Photographie-22072023-172953-1024x683.jpg\" alt=\"\" class=\"wp-image-1051\" srcset=\"https:\/\/pijones.ch\/site\/wp-content\/uploads\/2023\/08\/Mariage-Cristina-et-Nicolas-Dan-Schiumarini-CCarre-Photographie-22072023-172953-1024x683.jpg 1024w, https:\/\/pijones.ch\/site\/wp-content\/uploads\/2023\/08\/Mariage-Cristina-et-Nicolas-Dan-Schiumarini-CCarre-Photographie-22072023-172953-300x200.jpg 300w, https:\/\/pijones.ch\/site\/wp-content\/uploads\/2023\/08\/Mariage-Cristina-et-Nicolas-Dan-Schiumarini-CCarre-Photographie-22072023-172953-768x512.jpg 768w, https:\/\/pijones.ch\/site\/wp-content\/uploads\/2023\/08\/Mariage-Cristina-et-Nicolas-Dan-Schiumarini-CCarre-Photographie-22072023-172953-1536x1024.jpg 1536w, https:\/\/pijones.ch\/site\/wp-content\/uploads\/2023\/08\/Mariage-Cristina-et-Nicolas-Dan-Schiumarini-CCarre-Photographie-22072023-172953.jpg 2048w\" sizes=\"auto, (max-width: 1024px) 100vw, 1024px\" \/><\/a><\/figure>\n<\/div>\n\n<div class=\"inherit-container-width wp-block-group alignfull has-ast-global-color-8-background-color has-background is-layout-constrained wp-block-group-is-layout-constrained\" id=\"photovideo\">\n<div class=\"wp-block-columns alignwide are-vertically-aligned-top color-columns is-layout-flex wp-container-core-columns-is-layout-d2da2050 wp-block-columns-is-layout-flex\" style=\"margin-bottom:0\">\n<div class=\"wp-block-column is-vertically-aligned-top colorcol has-ast-global-color-1-background-color has-text-color has-background has-link-color wp-elements-9b46e3732151fe8dd228e9c187a86690 is-layout-flow wp-block-column-is-layout-flow\" style=\"color:#000000;padding-top:2em;padding-right:2em;padding-bottom:2em;padding-left:2em\">\n<figure class=\"wp-block-image size-full is-resized\"><img loading=\"lazy\" decoding=\"async\" src=\"https:\/\/pijones.ch\/site\/wp-content\/uploads\/2023\/04\/shape-2-mini.png\" alt=\"\" class=\"wp-image-107\" style=\"width:151px;height:104px\" width=\"151\" height=\"104\" srcset=\"https:\/\/pijones.ch\/site\/wp-content\/uploads\/2023\/04\/shape-2-mini.png 302w, https:\/\/pijones.ch\/site\/wp-content\/uploads\/2023\/04\/shape-2-mini-300x207.png 300w\" sizes=\"auto, (max-width: 151px) 100vw, 151px\" \/><\/figure>\n\n\n\n<h2 class=\"wp-block-heading\" id=\"family\" style=\"font-size:40px\"><strong>Fotos<\/strong><\/h2>\n\n\n\n<p class=\"has-normal-font-size\" style=\"line-height:1.5\">Desc\u00fabrelo todo sobre los preparativos, la ceremonia, los festejos y las fotos de la pareja.<\/p>\n\n\n\n<div class=\"wp-block-buttons alignfull is-horizontal is-content-justification-left is-layout-flex wp-container-core-buttons-is-layout-20be11b6 wp-block-buttons-is-layout-flex\">\n<div class=\"wp-block-button\"><a class=\"wp-block-button__link has-ast-global-color-0-color has-ast-global-color-8-background-color has-text-color has-background wp-element-button\" href=\"https:\/\/danschiumarini.pixieset.com\/mariagecristinanicolas\/ceremonie\/\" target=\"_blank\" rel=\"noreferrer noopener\">Galer\u00eda<\/a><\/div>\n<\/div>\n<\/div>\n\n\n\n<div class=\"wp-block-column is-vertically-aligned-top colorcol has-ast-global-color-4-background-color has-text-color has-background has-link-color wp-elements-b79712d91962fdbf4c19a2bdb4de45d4 is-layout-flow wp-block-column-is-layout-flow\" style=\"color:#000000;padding-top:2em;padding-right:2em;padding-bottom:2em;padding-left:2em\">\n<figure class=\"wp-block-image size-full is-resized\"><img loading=\"lazy\" decoding=\"async\" src=\"https:\/\/pijones.ch\/site\/wp-content\/uploads\/2023\/04\/shape-3-mini.png\" alt=\"\" class=\"wp-image-108\" style=\"width:123px;height:128px\" width=\"123\" height=\"128\"\/><\/figure>\n\n\n\n<h2 class=\"wp-block-heading\" id=\"comment\" style=\"font-size:40px\"><strong>V\u00eddeo<\/strong><\/h2>\n\n\n\n<p class=\"has-normal-font-size\">Como todo buen festival, \u00a1el Pijones Fest tiene su aftermovie! Puedes captar el ambiente del d\u00eda en s\u00f3lo unos minutos.<\/p>\n\n\n\n<div class=\"wp-block-buttons alignfull is-horizontal is-content-justification-left is-layout-flex wp-container-core-buttons-is-layout-20be11b6 wp-block-buttons-is-layout-flex\">\n<div class=\"wp-block-button\"><a class=\"wp-block-button__link has-ast-global-color-0-color has-ast-global-color-8-background-color has-text-color has-background wp-element-button\" href=\"https:\/\/youtu.be\/30nxKWqfed4\" target=\"_blank\" rel=\"noreferrer noopener\">Aftermovie<\/a><\/div>\n<\/div>\n<\/div>\n<\/div>\n<\/div>\n\n<div class=\"wp-block-group alignfull has-ast-global-color-8-background-color has-background is-layout-constrained wp-container-core-group-is-layout-aec1b3c2 wp-block-group-is-layout-constrained\" id=\"pourquoi\" style=\"padding-top:144px;padding-bottom:144px\">\n<div class=\"inherit-container-width wp-block-group has-ast-global-color-0-background-color has-background is-layout-constrained wp-container-core-group-is-layout-26cd52f2 wp-block-group-is-layout-constrained\" style=\"border-radius:40px;padding-top:var(--wp--preset--spacing--40);padding-right:var(--wp--preset--spacing--40);padding-bottom:var(--wp--preset--spacing--40);padding-left:var(--wp--preset--spacing--40)\">\n<div class=\"wp-block-columns is-layout-flex wp-container-core-columns-is-layout-28f84493 wp-block-columns-is-layout-flex\">\n<div class=\"wp-block-column bush-left is-layout-flow wp-block-column-is-layout-flow\" style=\"flex-basis:30%\">\n<figure class=\"wp-block-image alignleft size-full is-resized\"><img loading=\"lazy\" decoding=\"async\" src=\"https:\/\/pijones.ch\/site\/wp-content\/uploads\/2023\/04\/shape-bush.png\" alt=\"\" class=\"wp-image-119\" style=\"width:226px;height:252px\" width=\"226\" height=\"252\" title=\"\" srcset=\"https:\/\/pijones.ch\/site\/wp-content\/uploads\/2023\/04\/shape-bush.png 905w, https:\/\/pijones.ch\/site\/wp-content\/uploads\/2023\/04\/shape-bush-269x300.png 269w, https:\/\/pijones.ch\/site\/wp-content\/uploads\/2023\/04\/shape-bush-768x856.png 768w\" sizes=\"auto, (max-width: 226px) 100vw, 226px\" \/><\/figure>\n<\/div>\n\n\n\n<div class=\"wp-block-column is-vertically-aligned-center is-layout-flow wp-block-column-is-layout-flow\">\n<h2 class=\"wp-block-heading\"><br\/>Por cierto, \u00bfpor qu\u00e9 Pijones?<\/h2>\n\n\n\n<div class=\"wp-block-buttons is-layout-flex wp-block-buttons-is-layout-flex\">\n<div class=\"wp-block-button\"><a class=\"wp-block-button__link has-ast-global-color-8-color has-ast-global-color-4-background-color has-text-color has-background wp-element-button\" href=\"https:\/\/pijones.ch\/es\/quienes-somos\/\">Qui\u00e9nes somos<\/a><\/div>\n<\/div>\n<\/div>\n\n\n\n<div class=\"wp-block-column bush-right is-layout-flow wp-block-column-is-layout-flow\" style=\"flex-basis:30%\">\n<figure class=\"wp-block-image alignright size-full is-resized\"><img loading=\"lazy\" decoding=\"async\" src=\"https:\/\/pijones.ch\/site\/wp-content\/uploads\/2023\/04\/shape-bush.png\" alt=\"\" class=\"wp-image-119\" style=\"width:226px;height:252px\" width=\"226\" height=\"252\" title=\"\" srcset=\"https:\/\/pijones.ch\/site\/wp-content\/uploads\/2023\/04\/shape-bush.png 905w, https:\/\/pijones.ch\/site\/wp-content\/uploads\/2023\/04\/shape-bush-269x300.png 269w, https:\/\/pijones.ch\/site\/wp-content\/uploads\/2023\/04\/shape-bush-768x856.png 768w\" sizes=\"auto, (max-width: 226px) 100vw, 226px\" \/><\/figure>\n<\/div>\n<\/div>\n<\/div>\n\n\n\n<div class=\"wp-block-columns is-layout-flex wp-container-core-columns-is-layout-28f84493 wp-block-columns-is-layout-flex\">\n<div class=\"wp-block-column is-layout-flow wp-block-column-is-layout-flow\"><\/div>\n\n\n\n<div class=\"wp-block-column is-layout-flow wp-block-column-is-layout-flow\"><\/div>\n\n\n\n<div class=\"wp-block-column is-layout-flow wp-block-column-is-layout-flow\"><\/div>\n<\/div>\n<\/div>\n\n<div class=\"wp-block-group alignfull has-ast-global-color-1-background-color has-background is-layout-constrained wp-container-core-group-is-layout-ffd6a0b7 wp-block-group-is-layout-constrained\" id=\"contact\" style=\"padding-top:104px;padding-bottom:104px\">\n<div class=\"inherit-container-width wp-block-group is-layout-constrained wp-block-group-is-layout-constrained\">\n<h2 class=\"wp-block-heading has-text-align-left\">\u00bfTienes alguna pregunta?<\/h2>\n\n\n\n<p>Consulta nuestras preguntas frecuentes (FAQ) o p\u00f3nte directamente en contacto con nosotros en <a href=\"mailto:hola@pijones.ch\">hola@pijones.ch<\/a><\/p>\n\n\n\n<div class=\"wp-block-buttons alignwide is-horizontal is-content-justification-left is-layout-flex wp-container-core-buttons-is-layout-4496b2d1 wp-block-buttons-is-layout-flex\" style=\"margin-top:50px\">\n<div class=\"wp-block-button is-style-fill\"><a class=\"wp-block-button__link has-ast-global-color-0-color has-ast-global-color-8-background-color has-text-color has-background wp-element-button\" href=\"https:\/\/pijones.ch\/es\/preguntas-frecuentes\/\">PREGUNTAS FRECUENTES<\/a><\/div>\n<\/div>\n<\/div>\n<\/div>\n","protected":false},"excerpt":{"rendered":"<p>GRACIAS \u00a1Qu\u00e9 divertido! Esta boda de estilo festival estuvo realmente a la altura de todas nuestras expectativas. La m\u00fasica, el ambiente, la comida, la decoraci\u00f3n, el tiempo y sobre todo T\u00da, \u00a1fue simplemente brillante! Muchas gracias por todo vuestro amor y atenci\u00f3n en este d\u00eda m\u00e1gico. \u00a1Estamos abrumados! \ud83d\udc9a Y para que el placer dure, [&hellip;]<\/p>\n","protected":false},"author":1,"featured_media":0,"parent":0,"menu_order":0,"comment_status":"closed","ping_status":"closed","template":"","meta":{"site-sidebar-layout":"no-sidebar","site-content-layout":"plain-container","ast-site-content-layout":"","site-content-style":"default","site-sidebar-style":"default","ast-global-header-display":"","ast-banner-title-visibility":"","ast-main-header-display":"","ast-hfb-above-header-display":"","ast-hfb-below-header-display":"","ast-hfb-mobile-header-display":"","site-post-title":"disabled","ast-breadcrumbs-content":"","ast-featured-img":"","footer-sml-layout":"","theme-transparent-header-meta":"disabled","adv-header-id-meta":"","stick-header-meta":"","header-above-stick-meta":"","header-main-stick-meta":"","header-below-stick-meta":"","astra-migrate-meta-layouts":"default","ast-page-background-enabled":"default","ast-page-background-meta":{"desktop":{"background-color":"var(--ast-global-color-4)","background-image":"","background-repeat":"repeat","background-position":"center center","background-size":"auto","background-attachment":"scroll","background-type":"","background-media":"","overlay-type":"","overlay-color":"","overlay-opacity":"","overlay-gradient":""},"tablet":{"background-color":"","background-image":"","background-repeat":"repeat","background-position":"center center","background-size":"auto","background-attachment":"scroll","background-type":"","background-media":"","overlay-type":"","overlay-color":"","overlay-opacity":"","overlay-gradient":""},"mobile":{"background-color":"","background-image":"","background-repeat":"repeat","background-position":"center center","background-size":"auto","background-attachment":"scroll","background-type":"","background-media":"","overlay-type":"","overlay-color":"","overlay-opacity":"","overlay-gradient":""}},"ast-content-background-meta":{"desktop":{"background-color":"var(--ast-global-color-5)","background-image":"","background-repeat":"repeat","background-position":"center center","background-size":"auto","background-attachment":"scroll","background-type":"","background-media":"","overlay-type":"","overlay-color":"","overlay-opacity":"","overlay-gradient":""},"tablet":{"background-color":"var(--ast-global-color-5)","background-image":"","background-repeat":"repeat","background-position":"center center","background-size":"auto","background-attachment":"scroll","background-type":"","background-media":"","overlay-type":"","overlay-color":"","overlay-opacity":"","overlay-gradient":""},"mobile":{"background-color":"var(--ast-global-color-5)","background-image":"","background-repeat":"repeat","background-position":"center center","background-size":"auto","background-attachment":"scroll","background-type":"","background-media":"","overlay-type":"","overlay-color":"","overlay-opacity":"","overlay-gradient":""}},"footnotes":""},"class_list":["post-690","page","type-page","status-publish","hentry"],"_links":{"self":[{"href":"https:\/\/pijones.ch\/es\/wp-json\/wp\/v2\/pages\/690","targetHints":{"allow":["GET"]}}],"collection":[{"href":"https:\/\/pijones.ch\/es\/wp-json\/wp\/v2\/pages"}],"about":[{"href":"https:\/\/pijones.ch\/es\/wp-json\/wp\/v2\/types\/page"}],"author":[{"embeddable":true,"href":"https:\/\/pijones.ch\/es\/wp-json\/wp\/v2\/users\/1"}],"replies":[{"embeddable":true,"href":"https:\/\/pijones.ch\/es\/wp-json\/wp\/v2\/comments?post=690"}],"version-history":[{"count":34,"href":"https:\/\/pijones.ch\/es\/wp-json\/wp\/v2\/pages\/690\/revisions"}],"predecessor-version":[{"id":1068,"href":"https:\/\/pijones.ch\/es\/wp-json\/wp\/v2\/pages\/690\/revisions\/1068"}],"wp:attachment":[{"href":"https:\/\/pijones.ch\/es\/wp-json\/wp\/v2\/media?parent=690"}],"curies":[{"name":"wp","href":"https:\/\/api.w.org\/{rel}","templated":true}]}}