{"id":686,"date":"2023-04-22T18:05:31","date_gmt":"2023-04-22T16:05:31","guid":{"rendered":"https:\/\/pijones.ch\/programa\/"},"modified":"2023-06-21T12:27:23","modified_gmt":"2023-06-21T10:27:23","slug":"programa","status":"publish","type":"page","link":"https:\/\/pijones.ch\/es\/programa\/","title":{"rendered":"Programa"},"content":{"rendered":"\n<div class=\"inherit-container-width wp-block-group alignfull title has-ast-global-color-1-background-color has-background is-layout-constrained wp-container-core-group-is-layout-29c79c94 wp-block-group-is-layout-constrained\" id=\"programme\">\n<figure class=\"wp-block-image size-full title\"><img loading=\"lazy\" decoding=\"async\" width=\"2522\" height=\"1212\" src=\"https:\/\/pijones.ch\/site\/wp-content\/uploads\/2023\/05\/titre-programme.png\" alt=\"\" class=\"wp-image-322\" srcset=\"https:\/\/pijones.ch\/site\/wp-content\/uploads\/2023\/05\/titre-programme.png 2522w, https:\/\/pijones.ch\/site\/wp-content\/uploads\/2023\/05\/titre-programme-300x144.png 300w, https:\/\/pijones.ch\/site\/wp-content\/uploads\/2023\/05\/titre-programme-1024x492.png 1024w, https:\/\/pijones.ch\/site\/wp-content\/uploads\/2023\/05\/titre-programme-768x369.png 768w, https:\/\/pijones.ch\/site\/wp-content\/uploads\/2023\/05\/titre-programme-1536x738.png 1536w, https:\/\/pijones.ch\/site\/wp-content\/uploads\/2023\/05\/titre-programme-2048x984.png 2048w\" sizes=\"auto, (max-width: 2522px) 100vw, 2522px\" \/><\/figure>\n<\/div>\n\n<div class=\"inherit-container-width wp-block-group alignwide is-layout-constrained wp-block-group-is-layout-constrained\">\n<h2 class=\"wp-block-heading alignwide has-text-align-left\">Horario<\/h2>\n\n\n\n<p>Entre ra\u00edces latinas, rock festivo y amor por el groove, el programa de esta primera y \u00fanica edici\u00f3n <strong>del Pijones Fest<\/strong> ser\u00e1 ic\u00f3nico. M\u00e1s informaci\u00f3n sobre las actividades del d\u00eda y los distintos grupos.  <\/p>\n\n\n\n<figure class=\"wp-block-gallery has-nested-images columns-default is-cropped wp-block-gallery-1 is-layout-flex wp-block-gallery-is-layout-flex\">\n<figure class=\"wp-block-image size-large\"><img loading=\"lazy\" decoding=\"async\" width=\"1024\" height=\"586\" data-id=\"826\" src=\"https:\/\/pijones.ch\/site\/wp-content\/uploads\/2023\/06\/plan_pijones-4-1024x586.png\" alt=\"\" class=\"wp-image-826\" srcset=\"https:\/\/pijones.ch\/site\/wp-content\/uploads\/2023\/06\/plan_pijones-4-1024x586.png 1024w, https:\/\/pijones.ch\/site\/wp-content\/uploads\/2023\/06\/plan_pijones-4-300x172.png 300w, https:\/\/pijones.ch\/site\/wp-content\/uploads\/2023\/06\/plan_pijones-4-768x440.png 768w, https:\/\/pijones.ch\/site\/wp-content\/uploads\/2023\/06\/plan_pijones-4.png 1291w\" sizes=\"auto, (max-width: 1024px) 100vw, 1024px\" \/><\/figure>\n<\/figure>\n<\/div>\n\n<div class=\"inherit-container-width wp-block-group alignfull has-ast-global-color-1-background-color has-background is-layout-constrained wp-block-group-is-layout-constrained\">\n<div class=\"wp-block-media-text alignwide is-stacked-on-mobile rounded\" style=\"grid-template-columns:22% auto\"><figure class=\"wp-block-media-text__media\"><img loading=\"lazy\" decoding=\"async\" width=\"768\" height=\"1024\" src=\"https:\/\/pijones.ch\/site\/wp-content\/uploads\/2023\/06\/pijones_RVB-768x1024.jpg\" alt=\"\" class=\"wp-image-803 size-full\" srcset=\"https:\/\/pijones.ch\/site\/wp-content\/uploads\/2023\/06\/pijones_RVB-768x1024.jpg 768w, https:\/\/pijones.ch\/site\/wp-content\/uploads\/2023\/06\/pijones_RVB-225x300.jpg 225w, https:\/\/pijones.ch\/site\/wp-content\/uploads\/2023\/06\/pijones_RVB.jpg 1139w\" sizes=\"auto, (max-width: 768px) 100vw, 768px\" \/><\/figure><div class=\"wp-block-media-text__content\">\n<h2 class=\"wp-block-heading\">Pijones<\/h2>\n\n\n\n<p><em>Neovotos matrimoniales<\/em><\/p>\n\n\n\n<p>Formado en el 2014, este d\u00fao con una complicidad cada vez m\u00e1s grande se conoci\u00f3 en Lausana en una empresa de ticketing. Desde entonces, <strong>Piti S\u00e1nchez<\/strong> y <strong>Nicolas<\/strong> Jones han creado su propio estilo y han llevado su amor por todo el mundo, de Bristol a Cali, pasando por Tanzania. En exclusiva mundial, nos presentan por primera vez su single &#8220;Votos matrimoniales&#8221;. Un intercambio que promete estar lleno de emoci\u00f3n, en fearuring con <a href=\"https:\/\/open.spotify.com\/track\/75qtXgfpaRfTgoaTMvBOO4?si=e4b877c51f0d44da\" target=\"_blank\" rel=\"noreferrer noopener\">MC Topaze Chantilly<\/a> y dos invitados especiales: los Daddies.<\/p>\n<\/div><\/div>\n<\/div>\n\n<div class=\"inherit-container-width wp-block-group alignfull has-ast-global-color-7-color has-ast-global-color-8-background-color has-text-color has-background is-layout-constrained wp-block-group-is-layout-constrained\">\n<div class=\"wp-block-media-text alignwide has-media-on-the-right is-stacked-on-mobile rounded\" style=\"grid-template-columns:auto 30%\"><div class=\"wp-block-media-text__content\">\n<h2 class=\"wp-block-heading has-ast-global-color-7-color has-text-color\">Cuarteto Chao<\/h2>\n\n\n\n<p class=\"has-ast-global-color-7-color has-text-color\"><em>Repertorio y virtuosismo latinoamericanos<\/em><\/p>\n\n\n\n<p class=\"has-white-color has-text-color\">Pi de Pijones tiene una hermana polifac\u00e9tica. Entre ellas, la capacidad de dominar el piano desde la m\u00fasica cl\u00e1sica hasta la salsa dura. Rodeados de otros tres m\u00fasicos apasionados, crearon el Cuarteto CHAO para mostrar la riqueza musical que caracteriza sus or\u00edgenes. Mar\u00eda Isabel Rocafort (teclados), Daniel Guerrero (flauta), Iv\u00e1n Orl\u00edn Ariza Chac\u00f3n (viol\u00edn y guitarra) y David Rodr\u00edguez-Gil (violonchelo y contrabajo) revisitan el repertorio latinoamericano. \u00a1Buen viaje!<\/p>\n<\/div><figure class=\"wp-block-media-text__media\"><img loading=\"lazy\" decoding=\"async\" width=\"1024\" height=\"645\" src=\"https:\/\/pijones.ch\/site\/wp-content\/uploads\/2023\/06\/chao_quartet_B_RVB-1024x645.jpg\" alt=\"\" class=\"wp-image-812 size-full\" srcset=\"https:\/\/pijones.ch\/site\/wp-content\/uploads\/2023\/06\/chao_quartet_B_RVB-1024x645.jpg 1024w, https:\/\/pijones.ch\/site\/wp-content\/uploads\/2023\/06\/chao_quartet_B_RVB-300x189.jpg 300w, https:\/\/pijones.ch\/site\/wp-content\/uploads\/2023\/06\/chao_quartet_B_RVB-768x484.jpg 768w, https:\/\/pijones.ch\/site\/wp-content\/uploads\/2023\/06\/chao_quartet_B_RVB.jpg 1178w\" sizes=\"auto, (max-width: 1024px) 100vw, 1024px\" \/><\/figure><\/div>\n<\/div>\n\n<div class=\"inherit-container-width wp-block-group alignfull has-ast-global-color-1-background-color has-background is-layout-constrained wp-block-group-is-layout-constrained\">\n<div class=\"wp-block-media-text alignwide is-stacked-on-mobile rounded\" style=\"grid-template-columns:22% auto\"><figure class=\"wp-block-media-text__media\"><img loading=\"lazy\" decoding=\"async\" width=\"768\" height=\"1024\" src=\"https:\/\/pijones.ch\/site\/wp-content\/uploads\/2023\/06\/IMG_2538_RVB-768x1024.jpg\" alt=\"\" class=\"wp-image-809 size-full\" srcset=\"https:\/\/pijones.ch\/site\/wp-content\/uploads\/2023\/06\/IMG_2538_RVB-768x1024.jpg 768w, https:\/\/pijones.ch\/site\/wp-content\/uploads\/2023\/06\/IMG_2538_RVB-225x300.jpg 225w, https:\/\/pijones.ch\/site\/wp-content\/uploads\/2023\/06\/IMG_2538_RVB-1152x1536.jpg 1152w, https:\/\/pijones.ch\/site\/wp-content\/uploads\/2023\/06\/IMG_2538_RVB-1536x2048.jpg 1536w, https:\/\/pijones.ch\/site\/wp-content\/uploads\/2023\/06\/IMG_2538_RVB-scaled.jpg 1920w\" sizes=\"auto, (max-width: 768px) 100vw, 768px\" \/><\/figure><div class=\"wp-block-media-text__content\">\n<h2 class=\"wp-block-heading\">-Y- y amigos<\/h2>\n\n\n\n<p><em>Funky pop rock y vuelta a las ra\u00edces<\/em><\/p>\n\n\n\n<p>Durante la d\u00e9cada de 2000, Jones de Pijones despleg\u00f3 su groove en el teclado del grupo <a href=\"http:\/\/www.justforfunk.com\/photos.php\">Just for funk<\/a>. Hoy, dos de sus ac\u00f3litos mantienen viva la llama en una formaci\u00f3n completamente distinta, el grupo -Y- (pronunciado por qu\u00e9) y amigos. Yannick Burri a la guitarra y Alain Gabarelle a la percusi\u00f3n est\u00e1n ahora acompa\u00f1ados por la c\u00e1lida voz de L\u00e9onie Adler. Un proyecto ac\u00fastico con m\u00faltiples influencias, formado por composiciones originales y versiones. \u00a1A bailar otra vez!<\/p>\n<\/div><\/div>\n<\/div>\n\n<div class=\"inherit-container-width wp-block-group alignfull has-ast-global-color-8-background-color has-background is-layout-constrained wp-block-group-is-layout-constrained\">\n<div class=\"wp-block-media-text alignwide has-media-on-the-right is-stacked-on-mobile rounded\" style=\"grid-template-columns:auto 30%\"><div class=\"wp-block-media-text__content\">\n<h2 class=\"wp-block-heading has-ast-global-color-7-color has-text-color\">NA&#8217;MA<\/h2>\n\n\n\n<p class=\"has-ast-global-color-7-color has-text-color\"><em>Folclore caribe\u00f1o y sonidos afrocolombianos<\/em><\/p>\n\n\n\n<p class=\"has-ast-global-color-7-color has-text-color\">NA&#8217;MA es un colectivo colombiano de m\u00fasica folcl\u00f3rica caribe\u00f1a cuyos ritmos son el resultado de influencias ind\u00edgenas aut\u00f3ctonas, africanas y espa\u00f1olas. Formado por 5 m\u00fasicos que tocan la bater\u00eda, la flauta, el saxof\u00f3n y el clarinete de percusi\u00f3n, el grupo es una versi\u00f3n reducida de la papayera tradicional, formaci\u00f3n musical t\u00edpica de esta regi\u00f3n. Su festiva m\u00fasica ac\u00fastica cuenta una historia, a la vez que te da unas ganas irresistibles de mover el cuerpo.<\/p>\n\n\n\n<p><br\/><\/p>\n<\/div><figure class=\"wp-block-media-text__media\"><img loading=\"lazy\" decoding=\"async\" width=\"1024\" height=\"682\" src=\"https:\/\/pijones.ch\/site\/wp-content\/uploads\/2023\/06\/NAMA_RVB.jpg\" alt=\"\" class=\"wp-image-806 size-full\" srcset=\"https:\/\/pijones.ch\/site\/wp-content\/uploads\/2023\/06\/NAMA_RVB.jpg 1024w, https:\/\/pijones.ch\/site\/wp-content\/uploads\/2023\/06\/NAMA_RVB-300x200.jpg 300w, https:\/\/pijones.ch\/site\/wp-content\/uploads\/2023\/06\/NAMA_RVB-768x512.jpg 768w\" sizes=\"auto, (max-width: 1024px) 100vw, 1024px\" \/><\/figure><\/div>\n<\/div>\n\n<div class=\"inherit-container-width wp-block-group is-layout-constrained wp-block-group-is-layout-constrained\">\n<figure class=\"wp-block-image aligncenter size-full is-resized\"><img loading=\"lazy\" decoding=\"async\" src=\"https:\/\/pijones.ch\/site\/wp-content\/uploads\/2023\/04\/shape-1-mini.png\" alt=\"\" class=\"wp-image-100\" width=\"112\" height=\"144\"\/><\/figure>\n<\/div>\n","protected":false},"excerpt":{"rendered":"<p>Horario Entre ra\u00edces latinas, rock festivo y amor por el groove, el programa de esta primera y \u00fanica edici\u00f3n del Pijones Fest ser\u00e1 ic\u00f3nico. M\u00e1s informaci\u00f3n sobre las actividades del d\u00eda y los distintos grupos. Pijones Neovotos matrimoniales Formado en el 2014, este d\u00fao con una complicidad cada vez m\u00e1s grande se conoci\u00f3 en Lausana [&hellip;]<\/p>\n","protected":false},"author":1,"featured_media":0,"parent":0,"menu_order":0,"comment_status":"closed","ping_status":"closed","template":"","meta":{"site-sidebar-layout":"default","site-content-layout":"","ast-site-content-layout":"","site-content-style":"default","site-sidebar-style":"default","ast-global-header-display":"","ast-banner-title-visibility":"","ast-main-header-display":"","ast-hfb-above-header-display":"","ast-hfb-below-header-display":"","ast-hfb-mobile-header-display":"","site-post-title":"disabled","ast-breadcrumbs-content":"","ast-featured-img":"","footer-sml-layout":"","theme-transparent-header-meta":"","adv-header-id-meta":"","stick-header-meta":"","header-above-stick-meta":"","header-main-stick-meta":"","header-below-stick-meta":"","astra-migrate-meta-layouts":"default","ast-page-background-enabled":"default","ast-page-background-meta":{"desktop":{"background-color":"var(--ast-global-color-4)","background-image":"","background-repeat":"repeat","background-position":"center center","background-size":"auto","background-attachment":"scroll","background-type":"","background-media":"","overlay-type":"","overlay-color":"","overlay-opacity":"","overlay-gradient":""},"tablet":{"background-color":"","background-image":"","background-repeat":"repeat","background-position":"center center","background-size":"auto","background-attachment":"scroll","background-type":"","background-media":"","overlay-type":"","overlay-color":"","overlay-opacity":"","overlay-gradient":""},"mobile":{"background-color":"","background-image":"","background-repeat":"repeat","background-position":"center center","background-size":"auto","background-attachment":"scroll","background-type":"","background-media":"","overlay-type":"","overlay-color":"","overlay-opacity":"","overlay-gradient":""}},"ast-content-background-meta":{"desktop":{"background-color":"var(--ast-global-color-5)","background-image":"","background-repeat":"repeat","background-position":"center center","background-size":"auto","background-attachment":"scroll","background-type":"","background-media":"","overlay-type":"","overlay-color":"","overlay-opacity":"","overlay-gradient":""},"tablet":{"background-color":"var(--ast-global-color-5)","background-image":"","background-repeat":"repeat","background-position":"center center","background-size":"auto","background-attachment":"scroll","background-type":"","background-media":"","overlay-type":"","overlay-color":"","overlay-opacity":"","overlay-gradient":""},"mobile":{"background-color":"var(--ast-global-color-5)","background-image":"","background-repeat":"repeat","background-position":"center center","background-size":"auto","background-attachment":"scroll","background-type":"","background-media":"","overlay-type":"","overlay-color":"","overlay-opacity":"","overlay-gradient":""}},"footnotes":""},"class_list":["post-686","page","type-page","status-publish","hentry"],"_links":{"self":[{"href":"https:\/\/pijones.ch\/es\/wp-json\/wp\/v2\/pages\/686","targetHints":{"allow":["GET"]}}],"collection":[{"href":"https:\/\/pijones.ch\/es\/wp-json\/wp\/v2\/pages"}],"about":[{"href":"https:\/\/pijones.ch\/es\/wp-json\/wp\/v2\/types\/page"}],"author":[{"embeddable":true,"href":"https:\/\/pijones.ch\/es\/wp-json\/wp\/v2\/users\/1"}],"replies":[{"embeddable":true,"href":"https:\/\/pijones.ch\/es\/wp-json\/wp\/v2\/comments?post=686"}],"version-history":[{"count":36,"href":"https:\/\/pijones.ch\/es\/wp-json\/wp\/v2\/pages\/686\/revisions"}],"predecessor-version":[{"id":928,"href":"https:\/\/pijones.ch\/es\/wp-json\/wp\/v2\/pages\/686\/revisions\/928"}],"wp:attachment":[{"href":"https:\/\/pijones.ch\/es\/wp-json\/wp\/v2\/media?parent=686"}],"curies":[{"name":"wp","href":"https:\/\/api.w.org\/{rel}","templated":true}]}}