{"id":703,"date":"2023-04-22T18:10:23","date_gmt":"2023-04-22T16:10:23","guid":{"rendered":"https:\/\/pijones.ch\/practical-information\/"},"modified":"2023-05-14T20:40:47","modified_gmt":"2023-05-14T18:40:47","slug":"practical-information","status":"publish","type":"page","link":"https:\/\/pijones.ch\/en\/practical-information\/","title":{"rendered":"Practical information"},"content":{"rendered":"\n<div class=\"inherit-container-width wp-block-group alignfull title has-ast-global-color-1-background-color has-background is-layout-constrained wp-container-core-group-is-layout-29c79c94 wp-block-group-is-layout-constrained\">\n<figure class=\"wp-block-image size-full is-resized\"><img loading=\"lazy\" decoding=\"async\" src=\"https:\/\/pijones.ch\/site\/wp-content\/uploads\/2023\/04\/titre-informations-pratiques-1.png\" alt=\"Practical Information\" class=\"wp-image-130\" width=\"1261\" height=\"606\" srcset=\"https:\/\/pijones.ch\/site\/wp-content\/uploads\/2023\/04\/titre-informations-pratiques-1.png 2522w, https:\/\/pijones.ch\/site\/wp-content\/uploads\/2023\/04\/titre-informations-pratiques-1-300x144.png 300w, https:\/\/pijones.ch\/site\/wp-content\/uploads\/2023\/04\/titre-informations-pratiques-1-1024x492.png 1024w, https:\/\/pijones.ch\/site\/wp-content\/uploads\/2023\/04\/titre-informations-pratiques-1-768x369.png 768w, https:\/\/pijones.ch\/site\/wp-content\/uploads\/2023\/04\/titre-informations-pratiques-1-1536x738.png 1536w, https:\/\/pijones.ch\/site\/wp-content\/uploads\/2023\/04\/titre-informations-pratiques-1-2048x984.png 2048w\" sizes=\"auto, (max-width: 1261px) 100vw, 1261px\" \/><\/figure>\n<\/div>\n\n<div class=\"wp-block-group is-vertical is-layout-flex wp-container-core-group-is-layout-fe9cc265 wp-block-group-is-layout-flex\">\n<div class=\"wp-block-media-text alignwide is-stacked-on-mobile rounded\" style=\"grid-template-columns:33% auto\"><figure class=\"wp-block-media-text__media\"><img loading=\"lazy\" decoding=\"async\" width=\"820\" height=\"1024\" src=\"https:\/\/pijones.ch\/site\/wp-content\/uploads\/2023\/04\/clos-du-chateau-820x1024.jpg\" alt=\"\" class=\"wp-image-160 size-full\" srcset=\"https:\/\/pijones.ch\/site\/wp-content\/uploads\/2023\/04\/clos-du-chateau-820x1024.jpg 820w, https:\/\/pijones.ch\/site\/wp-content\/uploads\/2023\/04\/clos-du-chateau-240x300.jpg 240w, https:\/\/pijones.ch\/site\/wp-content\/uploads\/2023\/04\/clos-du-chateau-768x959.jpg 768w, https:\/\/pijones.ch\/site\/wp-content\/uploads\/2023\/04\/clos-du-chateau.jpg 1139w\" sizes=\"auto, (max-width: 820px) 100vw, 820px\" \/><\/figure><div class=\"wp-block-media-text__content\">\n<h2 class=\"wp-block-heading\">Date and place<\/h2>\n\n\n\n<p class=\"has-medium-font-size\">See you on July 22, 2023 at 3:00 pm at the Clos du Ch\u00e2teau in Satigny, in the canton of Geneva.<\/p>\n\n\n\n<p class=\"has-small-font-size\">Clos du Ch\u00e2teau<br\/>Rte du Cr\u00eat-de-Choully 29<br\/>1242 Satigny<\/p>\n\n\n\n<div class=\"wp-block-buttons is-layout-flex wp-block-buttons-is-layout-flex\">\n<div class=\"wp-block-button\"><a class=\"wp-block-button__link wp-element-button\" href=\"https:\/\/closduchateau.ch\/Les-Salles\/\" target=\"_blank\" rel=\"noreferrer noopener\">The domain<\/a><\/div>\n\n\n\n<div class=\"wp-block-button\"><a class=\"wp-block-button__link wp-element-button\" href=\"https:\/\/goo.gl\/maps\/zfgJFcuWrzuMz7YJ7\" target=\"_blank\" rel=\"noreferrer noopener\">Google Maps<\/a><\/div>\n<\/div>\n<\/div><\/div>\n\n\n\n<div style=\"height:100px\" aria-hidden=\"true\" class=\"wp-block-spacer\"><\/div>\n\n\n\n<div class=\"inherit-container-width wp-block-group is-layout-constrained wp-block-group-is-layout-constrained\">\n<figure class=\"wp-block-image size-large has-custom-border\"><a href=\"https:\/\/pijones.ch\/site\/wp-content\/uploads\/2023\/05\/plan_pijones.png\"><img loading=\"lazy\" decoding=\"async\" width=\"1024\" height=\"586\" src=\"https:\/\/pijones.ch\/site\/wp-content\/uploads\/2023\/05\/plan_pijones-1024x586.png\" alt=\"\" class=\"wp-image-482\" style=\"border-radius:30px\" srcset=\"https:\/\/pijones.ch\/site\/wp-content\/uploads\/2023\/05\/plan_pijones-1024x586.png 1024w, https:\/\/pijones.ch\/site\/wp-content\/uploads\/2023\/05\/plan_pijones-300x172.png 300w, https:\/\/pijones.ch\/site\/wp-content\/uploads\/2023\/05\/plan_pijones-768x440.png 768w, https:\/\/pijones.ch\/site\/wp-content\/uploads\/2023\/05\/plan_pijones-1536x879.png 1536w, https:\/\/pijones.ch\/site\/wp-content\/uploads\/2023\/05\/plan_pijones.png 1887w\" sizes=\"auto, (max-width: 1024px) 100vw, 1024px\" \/><\/a><\/figure>\n<\/div>\n<\/div>\n\n<div class=\"inherit-container-width wp-block-group alignfull has-ast-global-color-8-background-color has-background is-layout-constrained wp-block-group-is-layout-constrained\">\n<h2 class=\"wp-block-heading alignwide has-text-align-left has-ast-global-color-0-color has-text-color\">Transportation<\/h2>\n\n\n\n<div class=\"wp-block-media-text alignwide has-media-on-the-right is-stacked-on-mobile\"><div class=\"wp-block-media-text__content\">\n<h3 class=\"wp-block-heading has-ast-global-color-0-color has-text-color\">By car<\/h3>\n\n\n\n<p class=\"has-ast-global-color-0-color has-text-color\">Le Clos du Ch\u00e2teau is located 10 minutes by car from Geneva airport.<\/p>\n\n\n\n<p class=\"has-ast-global-color-0-color has-text-color\">A parking lot is available and will be indicated from the center of Satigny: please <strong>follow the signs<\/strong> to get there! The access indicated by GPS will be diverted.<\/p>\n\n\n\n<p class=\"has-ast-global-color-7-color has-text-color\">We encourage you to carpool and choose non-alcoholic beverages for those who drive. We care about you!  <\/p>\n<\/div><figure class=\"wp-block-media-text__media\"><img loading=\"lazy\" decoding=\"async\" width=\"1024\" height=\"1024\" src=\"https:\/\/pijones.ch\/site\/wp-content\/uploads\/2023\/05\/shape-leaf-stalag-1024x1024.png\" alt=\"\" class=\"wp-image-497 size-full\" srcset=\"https:\/\/pijones.ch\/site\/wp-content\/uploads\/2023\/05\/shape-leaf-stalag-1024x1024.png 1024w, https:\/\/pijones.ch\/site\/wp-content\/uploads\/2023\/05\/shape-leaf-stalag-300x300.png 300w, https:\/\/pijones.ch\/site\/wp-content\/uploads\/2023\/05\/shape-leaf-stalag-150x150.png 150w, https:\/\/pijones.ch\/site\/wp-content\/uploads\/2023\/05\/shape-leaf-stalag-768x768.png 768w, https:\/\/pijones.ch\/site\/wp-content\/uploads\/2023\/05\/shape-leaf-stalag-1536x1536.png 1536w, https:\/\/pijones.ch\/site\/wp-content\/uploads\/2023\/05\/shape-leaf-stalag.png 1580w\" sizes=\"auto, (max-width: 1024px) 100vw, 1024px\" \/><\/figure><\/div>\n\n\n\n<div class=\"wp-block-media-text alignwide is-stacked-on-mobile\"><figure class=\"wp-block-media-text__media\"><img loading=\"lazy\" decoding=\"async\" width=\"1024\" height=\"982\" src=\"https:\/\/pijones.ch\/site\/wp-content\/uploads\/2023\/04\/shape-leaf-1024x982.png\" alt=\"\" class=\"wp-image-176 size-full\" srcset=\"https:\/\/pijones.ch\/site\/wp-content\/uploads\/2023\/04\/shape-leaf-1024x982.png 1024w, https:\/\/pijones.ch\/site\/wp-content\/uploads\/2023\/04\/shape-leaf-300x288.png 300w, https:\/\/pijones.ch\/site\/wp-content\/uploads\/2023\/04\/shape-leaf-768x736.png 768w, https:\/\/pijones.ch\/site\/wp-content\/uploads\/2023\/04\/shape-leaf.png 1116w\" sizes=\"auto, (max-width: 1024px) 100vw, 1024px\" \/><\/figure><div class=\"wp-block-media-text__content\">\n<h3 class=\"wp-block-heading has-ast-global-color-0-color has-text-color\">By public transport<\/h3>\n\n\n\n<p class=\"has-ast-global-color-0-color has-text-color\">Le Clos du Ch\u00e2teau is 28 minutes by public transport from the Geneva train station. To get there, take the RER L5 train to Satigny, then bus 72 and get off at the &#8220;Satigny, Choully&#8221; stop.<\/p>\n\n\n\n<p class=\"has-ast-global-color-0-color has-text-color\">For the return trip to Lausanne:<\/p>\n\n\n\n<p><\/p>\n\n\n\n<ul class=\"has-ast-global-color-0-color has-ast-global-color-8-background-color has-text-color has-background wp-block-list\">\n<li>Trains departing from Geneva Airport at <strong>23:11<\/strong>, <strong>23:41<\/strong>, <strong>00:10<\/strong>, <strong>01:10<\/strong>.  <\/li>\n\n\n\n<li>Trains departing from Geneva at <strong>23:10<\/strong>, <strong>23:19<\/strong>, <strong>23:49<\/strong>, <strong>00:19<\/strong>, <strong>01:19<\/strong>, <strong>02:20<\/strong>.<\/li>\n<\/ul>\n\n\n\n<div class=\"wp-block-buttons is-layout-flex wp-block-buttons-is-layout-flex\">\n<div class=\"wp-block-button\"><a class=\"wp-block-button__link has-ast-global-color-8-color has-ast-global-color-4-background-color has-text-color has-background wp-element-button\" href=\"https:\/\/www.sbb.ch\/fr\/\" target=\"_blank\" rel=\"noreferrer noopener\">SBB FFS<\/a><\/div>\n<\/div>\n<\/div><\/div>\n<\/div>\n\n<div class=\"inherit-container-width wp-block-group alignfull has-ast-global-color-1-background-color has-background is-layout-constrained wp-block-group-is-layout-constrained\">\n<h2 class=\"wp-block-heading alignwide\">Lodging<\/h2>\n\n\n\n<div class=\"wp-block-media-text alignwide has-media-on-the-right is-stacked-on-mobile\"><div class=\"wp-block-media-text__content\">\n<p class=\"has-medium-font-size\">If you want to spend the night near Satigny, here are some ideas.<\/p>\n\n\n\n<h3 class=\"wp-block-heading\">Practice<\/h3>\n\n\n\n<p><a rel=\"noreferrer noopener\" href=\"https:\/\/www.woods-hotels.com\/\" target=\"_blank\">Woods Hotel<\/a><br\/><a rel=\"noreferrer noopener\" href=\"https:\/\/all.accor.com\/hotel\/A9U8\/index.fr.shtml\" target=\"_blank\">ibis Budget Saint-Genis-Pouilly<\/a><br\/><a rel=\"noreferrer noopener\" href=\"https:\/\/all.accor.com\/hotel\/B9F1\/index.en.shtml\" target=\"_blank\">Mercure Geneva Airport<\/a><\/p>\n<\/div><figure class=\"wp-block-media-text__media\"><img loading=\"lazy\" decoding=\"async\" width=\"1024\" height=\"746\" src=\"https:\/\/pijones.ch\/site\/wp-content\/uploads\/2023\/04\/shape-double-blue-black-1024x746.png\" alt=\"\" class=\"wp-image-181 size-full\" srcset=\"https:\/\/pijones.ch\/site\/wp-content\/uploads\/2023\/04\/shape-double-blue-black-1024x746.png 1024w, https:\/\/pijones.ch\/site\/wp-content\/uploads\/2023\/04\/shape-double-blue-black-300x218.png 300w, https:\/\/pijones.ch\/site\/wp-content\/uploads\/2023\/04\/shape-double-blue-black-768x559.png 768w, https:\/\/pijones.ch\/site\/wp-content\/uploads\/2023\/04\/shape-double-blue-black.png 1244w\" sizes=\"auto, (max-width: 1024px) 100vw, 1024px\" \/><\/figure><\/div>\n\n\n\n<div class=\"wp-block-media-text alignwide is-stacked-on-mobile is-vertically-aligned-top\"><figure class=\"wp-block-media-text__media\"><img loading=\"lazy\" decoding=\"async\" width=\"904\" height=\"974\" src=\"https:\/\/pijones.ch\/site\/wp-content\/uploads\/2023\/04\/shape-double-pink-black.png\" alt=\"\" class=\"wp-image-182 size-full\" srcset=\"https:\/\/pijones.ch\/site\/wp-content\/uploads\/2023\/04\/shape-double-pink-black.png 904w, https:\/\/pijones.ch\/site\/wp-content\/uploads\/2023\/04\/shape-double-pink-black-278x300.png 278w, https:\/\/pijones.ch\/site\/wp-content\/uploads\/2023\/04\/shape-double-pink-black-768x827.png 768w\" sizes=\"auto, (max-width: 904px) 100vw, 904px\" \/><\/figure><div class=\"wp-block-media-text__content\">\n<h3 class=\"wp-block-heading\">More romantic<\/h3>\n\n\n\n<p><a href=\"https:\/\/www.aubergedesvergers.ch\/\">Auberge des Vergers<\/a><br\/><a rel=\"noreferrer noopener\" href=\"https:\/\/www.chambres-hotes.fr\/chambres-hotes_ferme-du-lignon_geneve_h5702088.htm\" target=\"_blank\">Farm of Lignon<\/a> <br\/><a rel=\"noreferrer noopener\" href=\"https:\/\/aubergedeschasseurs.com\/\" target=\"_blank\">Auberge des Chasseurs<\/a> <br\/><\/p>\n<\/div><\/div>\n<\/div>\n\n<div class=\"inherit-container-width wp-block-group alignfull has-ast-global-color-8-background-color has-background is-layout-constrained wp-block-group-is-layout-constrained\" id=\"rappel\">\n<div class=\"inherit-container-width wp-block-group is-layout-constrained wp-block-group-is-layout-constrained\">\n<div class=\"wp-block-columns is-layout-flex wp-container-core-columns-is-layout-28f84493 wp-block-columns-is-layout-flex\">\n<div class=\"wp-block-column is-vertically-aligned-top colorcol has-ast-global-color-3-background-color has-text-color has-background has-link-color wp-elements-3d1b8fcc16fc44084faa7706a1ef4a4a is-layout-flow wp-block-column-is-layout-flow\" style=\"color:#000000;padding-top:2em;padding-right:2em;padding-bottom:2em;padding-left:2em\">\n<figure class=\"wp-block-image size-full is-resized\"><img loading=\"lazy\" decoding=\"async\" src=\"https:\/\/pijones.ch\/site\/wp-content\/uploads\/2023\/04\/shape-1-mini.png\" alt=\"\" class=\"wp-image-100\" width=\"112\" height=\"144\"\/><\/figure>\n\n\n\n<h2 class=\"wp-block-heading\" id=\"single\" style=\"font-size:40px\"><strong><strong>Discover the program<\/strong><\/strong><\/h2>\n\n\n\n<p class=\"has-normal-font-size\" style=\"line-height:1.5\">All about the Pijones Fest.<\/p>\n\n\n\n<div class=\"wp-block-buttons alignfull is-horizontal is-content-justification-left is-layout-flex wp-container-core-buttons-is-layout-20be11b6 wp-block-buttons-is-layout-flex\">\n<div class=\"wp-block-button is-style-fill\"><a class=\"wp-block-button__link has-ast-global-color-0-color has-ast-global-color-8-background-color has-text-color has-background has-text-align-center wp-element-button\" href=\"https:\/\/pijones.ch\/en\/program\/\">Program<\/a><\/div>\n<\/div>\n<\/div>\n\n\n\n<div class=\"wp-block-column is-vertically-aligned-top colorcol has-ast-global-color-4-background-color has-text-color has-background has-link-color wp-elements-a8032b87b539889ee59d90ea4e18bf18 is-layout-flow wp-block-column-is-layout-flow\" style=\"color:#000000;padding-top:2em;padding-right:2em;padding-bottom:2em;padding-left:2em\">\n<figure class=\"wp-block-image size-full is-resized\"><img loading=\"lazy\" decoding=\"async\" src=\"https:\/\/pijones.ch\/site\/wp-content\/uploads\/2023\/04\/shape-3-mini.png\" alt=\"\" class=\"wp-image-108\" width=\"123\" height=\"128\"\/><\/figure>\n\n\n\n<h2 class=\"wp-block-heading\" id=\"comment\" style=\"font-size:40px\"><strong>Do you have any questions?<\/strong><\/h2>\n\n\n\n<p class=\"has-normal-font-size\">Check out our FAQs.<\/p>\n\n\n\n<div class=\"wp-block-buttons alignfull is-horizontal is-content-justification-left is-layout-flex wp-container-core-buttons-is-layout-20be11b6 wp-block-buttons-is-layout-flex\">\n<div class=\"wp-block-button\"><a class=\"wp-block-button__link has-ast-global-color-0-color has-ast-global-color-8-background-color has-text-color has-background wp-element-button\" href=\"https:\/\/pijones.ch\/en\/faq\/\">FAQ<\/a><\/div>\n<\/div>\n<\/div>\n<\/div>\n<\/div>\n<\/div>\n","protected":false},"excerpt":{"rendered":"<p>Date and place See you on July 22, 2023 at 3:00 pm at the Clos du Ch\u00e2teau in Satigny, in the canton of Geneva. Clos du Ch\u00e2teauRte du Cr\u00eat-de-Choully 291242 Satigny Transportation By car Le Clos du Ch\u00e2teau is located 10 minutes by car from Geneva airport. A parking lot is available and will be [&hellip;]<\/p>\n","protected":false},"author":1,"featured_media":0,"parent":0,"menu_order":0,"comment_status":"closed","ping_status":"closed","template":"","meta":{"site-sidebar-layout":"default","site-content-layout":"","ast-site-content-layout":"","site-content-style":"default","site-sidebar-style":"default","ast-global-header-display":"","ast-banner-title-visibility":"","ast-main-header-display":"","ast-hfb-above-header-display":"","ast-hfb-below-header-display":"","ast-hfb-mobile-header-display":"","site-post-title":"disabled","ast-breadcrumbs-content":"","ast-featured-img":"","footer-sml-layout":"","theme-transparent-header-meta":"","adv-header-id-meta":"","stick-header-meta":"","header-above-stick-meta":"","header-main-stick-meta":"","header-below-stick-meta":"","astra-migrate-meta-layouts":"default","ast-page-background-enabled":"default","ast-page-background-meta":{"desktop":{"background-color":"var(--ast-global-color-4)","background-image":"","background-repeat":"repeat","background-position":"center center","background-size":"auto","background-attachment":"scroll","background-type":"","background-media":"","overlay-type":"","overlay-color":"","overlay-opacity":"","overlay-gradient":""},"tablet":{"background-color":"","background-image":"","background-repeat":"repeat","background-position":"center center","background-size":"auto","background-attachment":"scroll","background-type":"","background-media":"","overlay-type":"","overlay-color":"","overlay-opacity":"","overlay-gradient":""},"mobile":{"background-color":"","background-image":"","background-repeat":"repeat","background-position":"center center","background-size":"auto","background-attachment":"scroll","background-type":"","background-media":"","overlay-type":"","overlay-color":"","overlay-opacity":"","overlay-gradient":""}},"ast-content-background-meta":{"desktop":{"background-color":"var(--ast-global-color-5)","background-image":"","background-repeat":"repeat","background-position":"center center","background-size":"auto","background-attachment":"scroll","background-type":"","background-media":"","overlay-type":"","overlay-color":"","overlay-opacity":"","overlay-gradient":""},"tablet":{"background-color":"var(--ast-global-color-5)","background-image":"","background-repeat":"repeat","background-position":"center center","background-size":"auto","background-attachment":"scroll","background-type":"","background-media":"","overlay-type":"","overlay-color":"","overlay-opacity":"","overlay-gradient":""},"mobile":{"background-color":"var(--ast-global-color-5)","background-image":"","background-repeat":"repeat","background-position":"center center","background-size":"auto","background-attachment":"scroll","background-type":"","background-media":"","overlay-type":"","overlay-color":"","overlay-opacity":"","overlay-gradient":""}},"footnotes":""},"class_list":["post-703","page","type-page","status-publish","hentry"],"_links":{"self":[{"href":"https:\/\/pijones.ch\/en\/wp-json\/wp\/v2\/pages\/703","targetHints":{"allow":["GET"]}}],"collection":[{"href":"https:\/\/pijones.ch\/en\/wp-json\/wp\/v2\/pages"}],"about":[{"href":"https:\/\/pijones.ch\/en\/wp-json\/wp\/v2\/types\/page"}],"author":[{"embeddable":true,"href":"https:\/\/pijones.ch\/en\/wp-json\/wp\/v2\/users\/1"}],"replies":[{"embeddable":true,"href":"https:\/\/pijones.ch\/en\/wp-json\/wp\/v2\/comments?post=703"}],"version-history":[{"count":1,"href":"https:\/\/pijones.ch\/en\/wp-json\/wp\/v2\/pages\/703\/revisions"}],"predecessor-version":[{"id":704,"href":"https:\/\/pijones.ch\/en\/wp-json\/wp\/v2\/pages\/703\/revisions\/704"}],"wp:attachment":[{"href":"https:\/\/pijones.ch\/en\/wp-json\/wp\/v2\/media?parent=703"}],"curies":[{"name":"wp","href":"https:\/\/api.w.org\/{rel}","templated":true}]}}