{"id":695,"date":"2023-04-22T18:05:31","date_gmt":"2023-04-22T16:05:31","guid":{"rendered":"https:\/\/pijones.ch\/program\/"},"modified":"2023-06-21T12:27:23","modified_gmt":"2023-06-21T10:27:23","slug":"program","status":"publish","type":"page","link":"https:\/\/pijones.ch\/en\/program\/","title":{"rendered":"Program"},"content":{"rendered":"\n<div class=\"inherit-container-width wp-block-group alignfull title has-ast-global-color-1-background-color has-background is-layout-constrained wp-container-core-group-is-layout-29c79c94 wp-block-group-is-layout-constrained\" id=\"programme\">\n<figure class=\"wp-block-image size-full title\"><img loading=\"lazy\" decoding=\"async\" width=\"2522\" height=\"1212\" src=\"https:\/\/pijones.ch\/site\/wp-content\/uploads\/2023\/05\/titre-programme.png\" alt=\"\" class=\"wp-image-322\" srcset=\"https:\/\/pijones.ch\/site\/wp-content\/uploads\/2023\/05\/titre-programme.png 2522w, https:\/\/pijones.ch\/site\/wp-content\/uploads\/2023\/05\/titre-programme-300x144.png 300w, https:\/\/pijones.ch\/site\/wp-content\/uploads\/2023\/05\/titre-programme-1024x492.png 1024w, https:\/\/pijones.ch\/site\/wp-content\/uploads\/2023\/05\/titre-programme-768x369.png 768w, https:\/\/pijones.ch\/site\/wp-content\/uploads\/2023\/05\/titre-programme-1536x738.png 1536w, https:\/\/pijones.ch\/site\/wp-content\/uploads\/2023\/05\/titre-programme-2048x984.png 2048w\" sizes=\"auto, (max-width: 2522px) 100vw, 2522px\" \/><\/figure>\n<\/div>\n\n<div class=\"inherit-container-width wp-block-group alignwide is-layout-constrained wp-block-group-is-layout-constrained\">\n<h2 class=\"wp-block-heading alignwide has-text-align-left\">Timetable<\/h2>\n\n\n\n<p>Mixing Latin roots, festive rock and love of groove, the program of this first and only edition of the <strong>Pijones Fest<\/strong> promises to be iconic. Find out more about the day&#8217;s activities and the presentation of the different groups!  <\/p>\n\n\n\n<figure class=\"wp-block-gallery has-nested-images columns-default is-cropped wp-block-gallery-1 is-layout-flex wp-block-gallery-is-layout-flex\">\n<figure class=\"wp-block-image size-large\"><img loading=\"lazy\" decoding=\"async\" width=\"1024\" height=\"586\" data-id=\"826\" src=\"https:\/\/pijones.ch\/site\/wp-content\/uploads\/2023\/06\/plan_pijones-4-1024x586.png\" alt=\"\" class=\"wp-image-826\" srcset=\"https:\/\/pijones.ch\/site\/wp-content\/uploads\/2023\/06\/plan_pijones-4-1024x586.png 1024w, https:\/\/pijones.ch\/site\/wp-content\/uploads\/2023\/06\/plan_pijones-4-300x172.png 300w, https:\/\/pijones.ch\/site\/wp-content\/uploads\/2023\/06\/plan_pijones-4-768x440.png 768w, https:\/\/pijones.ch\/site\/wp-content\/uploads\/2023\/06\/plan_pijones-4.png 1291w\" sizes=\"auto, (max-width: 1024px) 100vw, 1024px\" \/><\/figure>\n<\/figure>\n<\/div>\n\n<div class=\"inherit-container-width wp-block-group alignfull has-ast-global-color-1-background-color has-background is-layout-constrained wp-block-group-is-layout-constrained\">\n<div class=\"wp-block-media-text alignwide is-stacked-on-mobile rounded\" style=\"grid-template-columns:22% auto\"><figure class=\"wp-block-media-text__media\"><img loading=\"lazy\" decoding=\"async\" width=\"768\" height=\"1024\" src=\"https:\/\/pijones.ch\/site\/wp-content\/uploads\/2023\/06\/pijones_RVB-768x1024.jpg\" alt=\"\" class=\"wp-image-803 size-full\" srcset=\"https:\/\/pijones.ch\/site\/wp-content\/uploads\/2023\/06\/pijones_RVB-768x1024.jpg 768w, https:\/\/pijones.ch\/site\/wp-content\/uploads\/2023\/06\/pijones_RVB-225x300.jpg 225w, https:\/\/pijones.ch\/site\/wp-content\/uploads\/2023\/06\/pijones_RVB.jpg 1139w\" sizes=\"auto, (max-width: 768px) 100vw, 768px\" \/><\/figure><div class=\"wp-block-media-text__content\">\n<h2 class=\"wp-block-heading\">Pijones<\/h2>\n\n\n\n<p><em>Swaying wedding neo-wishes<\/em><\/p>\n\n\n\n<p>Formed in 2014, this duo with a growing complicity met in Lausanne in an online ticketing box. <strong>Piti Sanchez<\/strong> and <strong>Nicolas Jones<\/strong> have since created their own style and taken their love around the world, from Bristol to Cali to Tanzania. In world exclusivity, they present us for the first time their single &#8220;Voeux de mariage&#8221;. An exchange that promises to be full of emotions, featuring <a href=\"https:\/\/open.spotify.com\/track\/75qtXgfpaRfTgoaTMvBOO4?si=e4b877c51f0d44da\" target=\"_blank\" rel=\"noreferrer noopener\">MC Topaze Chantilly<\/a> and two special guests: the Daddies.<\/p>\n<\/div><\/div>\n<\/div>\n\n<div class=\"inherit-container-width wp-block-group alignfull has-ast-global-color-7-color has-ast-global-color-8-background-color has-text-color has-background is-layout-constrained wp-block-group-is-layout-constrained\">\n<div class=\"wp-block-media-text alignwide has-media-on-the-right is-stacked-on-mobile rounded\" style=\"grid-template-columns:auto 30%\"><div class=\"wp-block-media-text__content\">\n<h2 class=\"wp-block-heading has-ast-global-color-7-color has-text-color\">Chao Quartet<\/h2>\n\n\n\n<p class=\"has-ast-global-color-7-color has-text-color\"><em>Latin American repertoire and virtuosity<\/em><\/p>\n\n\n\n<p class=\"has-white-color has-text-color\">Pi de Pijones has a multi-talented sister. Among them, the ability to master the piano from classical music to salsa dura! Surrounded by three other passionate musicians, they created the CHAO Quartet to promote the musical richness that characterizes their origins. Maria Isabel Rocafort (keyboard), Daniel Guerrero (transverse flute), Iv\u00e1n Orl\u00edn Ariza Chac\u00f3n (violin and gui tare) and David Rodr\u00edguez-Gil (cello and bass) revisit the Latin American repertoire. Bon voyage!<\/p>\n<\/div><figure class=\"wp-block-media-text__media\"><img loading=\"lazy\" decoding=\"async\" width=\"1024\" height=\"645\" src=\"https:\/\/pijones.ch\/site\/wp-content\/uploads\/2023\/06\/chao_quartet_B_RVB-1024x645.jpg\" alt=\"\" class=\"wp-image-812 size-full\" srcset=\"https:\/\/pijones.ch\/site\/wp-content\/uploads\/2023\/06\/chao_quartet_B_RVB-1024x645.jpg 1024w, https:\/\/pijones.ch\/site\/wp-content\/uploads\/2023\/06\/chao_quartet_B_RVB-300x189.jpg 300w, https:\/\/pijones.ch\/site\/wp-content\/uploads\/2023\/06\/chao_quartet_B_RVB-768x484.jpg 768w, https:\/\/pijones.ch\/site\/wp-content\/uploads\/2023\/06\/chao_quartet_B_RVB.jpg 1178w\" sizes=\"auto, (max-width: 1024px) 100vw, 1024px\" \/><\/figure><\/div>\n<\/div>\n\n<div class=\"inherit-container-width wp-block-group alignfull has-ast-global-color-1-background-color has-background is-layout-constrained wp-block-group-is-layout-constrained\">\n<div class=\"wp-block-media-text alignwide is-stacked-on-mobile rounded\" style=\"grid-template-columns:22% auto\"><figure class=\"wp-block-media-text__media\"><img loading=\"lazy\" decoding=\"async\" width=\"768\" height=\"1024\" src=\"https:\/\/pijones.ch\/site\/wp-content\/uploads\/2023\/06\/IMG_2538_RVB-768x1024.jpg\" alt=\"\" class=\"wp-image-809 size-full\" srcset=\"https:\/\/pijones.ch\/site\/wp-content\/uploads\/2023\/06\/IMG_2538_RVB-768x1024.jpg 768w, https:\/\/pijones.ch\/site\/wp-content\/uploads\/2023\/06\/IMG_2538_RVB-225x300.jpg 225w, https:\/\/pijones.ch\/site\/wp-content\/uploads\/2023\/06\/IMG_2538_RVB-1152x1536.jpg 1152w, https:\/\/pijones.ch\/site\/wp-content\/uploads\/2023\/06\/IMG_2538_RVB-1536x2048.jpg 1536w, https:\/\/pijones.ch\/site\/wp-content\/uploads\/2023\/06\/IMG_2538_RVB-scaled.jpg 1920w\" sizes=\"auto, (max-width: 768px) 100vw, 768px\" \/><\/figure><div class=\"wp-block-media-text__content\">\n<h2 class=\"wp-block-heading\">-Y- and friends<\/h2>\n\n\n\n<p><em>Funky pop rock and back to basics<\/em><\/p>\n\n\n\n<p>In the 2000s, Pijones&#8217; Jones spread his groove on the keyboard of the band <a href=\"http:\/\/www.justforfunk.com\/photos.php\">Just for funk<\/a>. Today, two of his acolytes keep the flame alive in a completely different formation, the group -Y- (pronounced why) and friends. Yannick Burri on guitar and Alain Gabarelle on percussion are now accompanied by the warm voice of L\u00e9onie Adler. An acoustic project with multiple influences, featuring original compositions and cover versions. Let&#8217;s groove again!<\/p>\n<\/div><\/div>\n<\/div>\n\n<div class=\"inherit-container-width wp-block-group alignfull has-ast-global-color-8-background-color has-background is-layout-constrained wp-block-group-is-layout-constrained\">\n<div class=\"wp-block-media-text alignwide has-media-on-the-right is-stacked-on-mobile rounded\" style=\"grid-template-columns:auto 30%\"><div class=\"wp-block-media-text__content\">\n<h2 class=\"wp-block-heading has-ast-global-color-7-color has-text-color\">NA&#8217;MA<\/h2>\n\n\n\n<p class=\"has-ast-global-color-7-color has-text-color\"><em>Caribbean folklore and Afro-Colombian sounds<\/em><\/p>\n\n\n\n<p class=\"has-ast-global-color-7-color has-text-color\">NA&#8217;MA is a folk music collective from the Colombian Caribbean, whose rhythms are the result of native indigenous, African and Spanish influences. Made up of 5 musicians on drums, flute, saxophone and clarinet percussion, the group is a scaled-down version of the traditional papayera, a musical formation typical of this region. Its festive acoustic music tells a story, while giving you an irresistible urge to move your body.<\/p>\n\n\n\n<p><br\/><\/p>\n<\/div><figure class=\"wp-block-media-text__media\"><img loading=\"lazy\" decoding=\"async\" width=\"1024\" height=\"682\" src=\"https:\/\/pijones.ch\/site\/wp-content\/uploads\/2023\/06\/NAMA_RVB.jpg\" alt=\"\" class=\"wp-image-806 size-full\" srcset=\"https:\/\/pijones.ch\/site\/wp-content\/uploads\/2023\/06\/NAMA_RVB.jpg 1024w, https:\/\/pijones.ch\/site\/wp-content\/uploads\/2023\/06\/NAMA_RVB-300x200.jpg 300w, https:\/\/pijones.ch\/site\/wp-content\/uploads\/2023\/06\/NAMA_RVB-768x512.jpg 768w\" sizes=\"auto, (max-width: 1024px) 100vw, 1024px\" \/><\/figure><\/div>\n<\/div>\n\n<div class=\"inherit-container-width wp-block-group is-layout-constrained wp-block-group-is-layout-constrained\">\n<figure class=\"wp-block-image aligncenter size-full is-resized\"><img loading=\"lazy\" decoding=\"async\" src=\"https:\/\/pijones.ch\/site\/wp-content\/uploads\/2023\/04\/shape-1-mini.png\" alt=\"\" class=\"wp-image-100\" width=\"112\" height=\"144\"\/><\/figure>\n<\/div>\n","protected":false},"excerpt":{"rendered":"<p>Timetable Mixing Latin roots, festive rock and love of groove, the program of this first and only edition of the Pijones Fest promises to be iconic. Find out more about the day&#8217;s activities and the presentation of the different groups! Pijones Swaying wedding neo-wishes Formed in 2014, this duo with a growing complicity met in [&hellip;]<\/p>\n","protected":false},"author":1,"featured_media":0,"parent":0,"menu_order":0,"comment_status":"closed","ping_status":"closed","template":"","meta":{"site-sidebar-layout":"default","site-content-layout":"","ast-site-content-layout":"","site-content-style":"default","site-sidebar-style":"default","ast-global-header-display":"","ast-banner-title-visibility":"","ast-main-header-display":"","ast-hfb-above-header-display":"","ast-hfb-below-header-display":"","ast-hfb-mobile-header-display":"","site-post-title":"disabled","ast-breadcrumbs-content":"","ast-featured-img":"","footer-sml-layout":"","theme-transparent-header-meta":"","adv-header-id-meta":"","stick-header-meta":"","header-above-stick-meta":"","header-main-stick-meta":"","header-below-stick-meta":"","astra-migrate-meta-layouts":"default","ast-page-background-enabled":"default","ast-page-background-meta":{"desktop":{"background-color":"var(--ast-global-color-4)","background-image":"","background-repeat":"repeat","background-position":"center center","background-size":"auto","background-attachment":"scroll","background-type":"","background-media":"","overlay-type":"","overlay-color":"","overlay-opacity":"","overlay-gradient":""},"tablet":{"background-color":"","background-image":"","background-repeat":"repeat","background-position":"center center","background-size":"auto","background-attachment":"scroll","background-type":"","background-media":"","overlay-type":"","overlay-color":"","overlay-opacity":"","overlay-gradient":""},"mobile":{"background-color":"","background-image":"","background-repeat":"repeat","background-position":"center center","background-size":"auto","background-attachment":"scroll","background-type":"","background-media":"","overlay-type":"","overlay-color":"","overlay-opacity":"","overlay-gradient":""}},"ast-content-background-meta":{"desktop":{"background-color":"var(--ast-global-color-5)","background-image":"","background-repeat":"repeat","background-position":"center center","background-size":"auto","background-attachment":"scroll","background-type":"","background-media":"","overlay-type":"","overlay-color":"","overlay-opacity":"","overlay-gradient":""},"tablet":{"background-color":"var(--ast-global-color-5)","background-image":"","background-repeat":"repeat","background-position":"center center","background-size":"auto","background-attachment":"scroll","background-type":"","background-media":"","overlay-type":"","overlay-color":"","overlay-opacity":"","overlay-gradient":""},"mobile":{"background-color":"var(--ast-global-color-5)","background-image":"","background-repeat":"repeat","background-position":"center center","background-size":"auto","background-attachment":"scroll","background-type":"","background-media":"","overlay-type":"","overlay-color":"","overlay-opacity":"","overlay-gradient":""}},"footnotes":""},"class_list":["post-695","page","type-page","status-publish","hentry"],"_links":{"self":[{"href":"https:\/\/pijones.ch\/en\/wp-json\/wp\/v2\/pages\/695","targetHints":{"allow":["GET"]}}],"collection":[{"href":"https:\/\/pijones.ch\/en\/wp-json\/wp\/v2\/pages"}],"about":[{"href":"https:\/\/pijones.ch\/en\/wp-json\/wp\/v2\/types\/page"}],"author":[{"embeddable":true,"href":"https:\/\/pijones.ch\/en\/wp-json\/wp\/v2\/users\/1"}],"replies":[{"embeddable":true,"href":"https:\/\/pijones.ch\/en\/wp-json\/wp\/v2\/comments?post=695"}],"version-history":[{"count":25,"href":"https:\/\/pijones.ch\/en\/wp-json\/wp\/v2\/pages\/695\/revisions"}],"predecessor-version":[{"id":926,"href":"https:\/\/pijones.ch\/en\/wp-json\/wp\/v2\/pages\/695\/revisions\/926"}],"wp:attachment":[{"href":"https:\/\/pijones.ch\/en\/wp-json\/wp\/v2\/media?parent=695"}],"curies":[{"name":"wp","href":"https:\/\/api.w.org\/{rel}","templated":true}]}}